{"id":298,"date":"2018-02-08T21:16:11","date_gmt":"2018-02-08T20:16:11","guid":{"rendered":"https:\/\/www.vos-sosmost.cz\/?page_id=298"},"modified":"2026-03-04T12:15:26","modified_gmt":"2026-03-04T11:15:26","slug":"na-skolu","status":"publish","type":"page","link":"https:\/\/www.vos-sosmost.cz\/index.php\/o-skole\/na-skolu\/","title":{"rendered":"Na \u0161kolu"},"content":{"rendered":"<table border=\"0\" width=\"100%\" cellspacing=\"0\" cellpadding=\"0\">\n<tbody>\n<tr>\n<td>N\u00e1zev:<\/td>\n<td><strong>Vy\u0161\u0161\u00ed odborn\u00e1 \u0161kola ekonomick\u00e1, soci\u00e1ln\u00ed a zdravotnick\u00e1, Obchodn\u00ed akademie, St\u0159edn\u00ed pedagogick\u00e1 \u0161kola a St\u0159edn\u00ed zdravotnick\u00e1 \u0161kola, Most, p\u0159\u00edsp\u011bvkov\u00e1 organizace<\/strong><\/td>\n<\/tr>\n<tr>\n<td>Adresa:<\/td>\n<td>Zde\u0148ka Fibicha 2778\/20, 434 01 Most<\/td>\n<\/tr>\n<tr>\n<td>IZO:<\/td>\n<td>108006972<\/td>\n<\/tr>\n<tr>\n<td>I\u010c:<\/td>\n<td>49872427<\/td>\n<\/tr>\n<tr>\n<td>Telefon:<\/td>\n<td>417 637 477<\/td>\n<\/tr>\n<tr>\n<td>E-mail:<\/td>\n<td>skola (zavin\u00e1\u010d) vos-sosmost.cz<\/td>\n<\/tr>\n<tr>\n<td>Datov\u00e1 schr\u00e1nka:<\/td>\n<td>zcivy9b<\/td>\n<\/tr>\n<tr>\n<td>WWW:<\/td>\n<td><span style=\"color: #000000;\"><a style=\"color: #000000;\" href=\"https:\/\/www.vos-sosmost.cz\/\">https:\/\/www.vos-sosmost.cz<\/a><\/span><\/td>\n<\/tr>\n<\/tbody>\n<\/table>\n<p>&nbsp;<\/p>\n<hr>\n<table border=\"0\" width=\"100%\" cellspacing=\"0\" cellpadding=\"0\">\n<tbody>\n<tr style=\"height: 24px; background-color: #4d4b4b;\">\n<td style=\"height: 24px;\"><span style=\"color: #ffffff;\"><strong>Budova A<\/strong><\/span><\/td>\n<td style=\"height: 24px;\"><span style=\"color: #ffffff;\"><strong>Sekce ekonomick\u00e9ho, pedagogick\u00e9ho a soci\u00e1ln\u00edho vzd\u011bl\u00e1v\u00e1n\u00ed<\/strong><\/span><\/td>\n<\/tr>\n<tr style=\"height: 24px;\">\n<td style=\"height: 72px;\" rowspan=\"3\"><span style=\"color: #000000;\"><a style=\"color: #000000;\" href=\"https:\/\/mapy.cz\/zakladni?x=13.6335898&amp;y=50.4987951&amp;z=17&amp;l=0&amp;source=addr&amp;id=9598758\" target=\"_blank\" rel=\"noopener noreferrer\">mapa<\/a><\/span><\/td>\n<td style=\"height: 24px;\">Zde\u0148ka Fibicha 2778\/20, 434 01 Most<\/td>\n<\/tr>\n<tr style=\"height: 24px;\">\n<td style=\"height: 24px;\">Sekretari\u00e1t: 417 637 477 linka 102 (VO\u0160), 104 (SO\u0160)<\/td>\n<\/tr>\n<tr style=\"height: 24px;\">\n<td style=\"height: 24px;\">\u0160koln\u00ed j\u00eddelna: 417 637 477 linka 134<\/td>\n<\/tr>\n<tr style=\"height: 24px; background-color: #4d4b4b;\">\n<td style=\"height: 24px;\"><span style=\"color: #ffffff;\"><strong>Budova B<\/strong><\/span><\/td>\n<td style=\"height: 24px;\"><span style=\"color: #ffffff;\"><strong>Sekce zdravotnick\u00e9ho vzd\u011bl\u00e1v\u00e1n\u00ed<\/strong><\/span><\/td>\n<\/tr>\n<tr style=\"height: 23px;\">\n<td style=\"height: 47px;\" rowspan=\"2\"><span style=\"color: #000000;\"><a style=\"color: #000000;\" href=\"https:\/\/mapy.cz\/zakladni?x=13.6316271&amp;y=50.5064120&amp;z=17&amp;l=0&amp;source=addr&amp;id=9596447\" target=\"_blank\" rel=\"noopener noreferrer\">mapa<\/a><\/span><\/td>\n<td style=\"height: 23px;\">J. E. Purkyn\u011b 272, 434 01 Most<\/td>\n<\/tr>\n<tr style=\"height: 24px;\">\n<td style=\"height: 24px;\">Sekretari\u00e1t: 417 637 477 linka 147<\/td>\n<\/tr>\n<tr style=\"height: 24px; background-color: #4d4b4b;\">\n<td style=\"height: 24px;\"><span style=\"color: #ffffff;\"><strong>Budova C<\/strong><\/span><\/td>\n<td style=\"height: 24px;\"><span style=\"color: #ffffff;\"><strong>Domov ml\u00e1de\u017ee<\/strong><\/span><\/td>\n<\/tr>\n<tr style=\"height: 24px;\">\n<td style=\"height: 96px;\" rowspan=\"4\"><span style=\"color: #000000;\"><a style=\"color: #000000;\" href=\"https:\/\/mapy.cz\/zakladni?x=13.6306564&amp;y=50.5076634&amp;z=17&amp;l=0&amp;source=addr&amp;id=9596446\" target=\"_blank\" rel=\"noopener noreferrer\">mapa<\/a><\/span><\/td>\n<td style=\"height: 24px;\">J. E. Purkyn\u011b 271, 434 01 Most<\/td>\n<\/tr>\n<tr style=\"height: 24px;\">\n<td style=\"height: 24px;\">Stravov\u00e1n\u00ed: 417 637 477 linka 178<\/td>\n<\/tr>\n<tr style=\"height: 24px;\">\n<td style=\"height: 24px;\">Ubytov\u00e1n\u00ed: 417 637 477 linka 178<\/td>\n<\/tr>\n<tr style=\"height: 24px;\">\n<td style=\"height: 24px;\">Vychovatelky DM: 417 637 477 linka 179<\/td>\n<\/tr>\n<\/tbody>\n<\/table>\n<p>Informace jsou aktu\u00e1ln\u00ed pro \u0161koln\u00ed rok 2025\/2026.<\/p>\n","protected":false},"excerpt":{"rendered":"<p>N\u00e1zev: Vy\u0161\u0161\u00ed odborn\u00e1 \u0161kola ekonomick\u00e1, soci\u00e1ln\u00ed a zdravotnick\u00e1, Obchodn\u00ed akademie, St\u0159edn\u00ed pedagogick\u00e1 \u0161kola a St\u0159edn\u00ed zdravotnick\u00e1 \u0161kola, Most, p\u0159\u00edsp\u011bvkov\u00e1 organizace Adresa: Zde\u0148ka Fibicha 2778\/20, 434 01 Most IZO: 108006972 I\u010c: 49872427 Telefon: 417 637 477 E-mail: skola (zavin\u00e1\u010d) vos-sosmost.cz Datov\u00e1 <a href=\"https:\/\/www.vos-sosmost.cz\/index.php\/o-skole\/na-skolu\/\" class=\"read-more\">Read More &#8230;<\/a><\/p>\n","protected":false},"author":1,"featured_media":0,"parent":353,"menu_order":0,"comment_status":"closed","ping_status":"closed","template":"","meta":{"ngg_post_thumbnail":0,"footnotes":""},"class_list":["post-298","page","type-page","status-publish","hentry"],"_links":{"self":[{"href":"https:\/\/www.vos-sosmost.cz\/index.php\/wp-json\/wp\/v2\/pages\/298","targetHints":{"allow":["GET"]}}],"collection":[{"href":"https:\/\/www.vos-sosmost.cz\/index.php\/wp-json\/wp\/v2\/pages"}],"about":[{"href":"https:\/\/www.vos-sosmost.cz\/index.php\/wp-json\/wp\/v2\/types\/page"}],"author":[{"embeddable":true,"href":"https:\/\/www.vos-sosmost.cz\/index.php\/wp-json\/wp\/v2\/users\/1"}],"replies":[{"embeddable":true,"href":"https:\/\/www.vos-sosmost.cz\/index.php\/wp-json\/wp\/v2\/comments?post=298"}],"version-history":[{"count":13,"href":"https:\/\/www.vos-sosmost.cz\/index.php\/wp-json\/wp\/v2\/pages\/298\/revisions"}],"predecessor-version":[{"id":9253,"href":"https:\/\/www.vos-sosmost.cz\/index.php\/wp-json\/wp\/v2\/pages\/298\/revisions\/9253"}],"up":[{"embeddable":true,"href":"https:\/\/www.vos-sosmost.cz\/index.php\/wp-json\/wp\/v2\/pages\/353"}],"wp:attachment":[{"href":"https:\/\/www.vos-sosmost.cz\/index.php\/wp-json\/wp\/v2\/media?parent=298"}],"curies":[{"name":"wp","href":"https:\/\/api.w.org\/{rel}","templated":true}]}}