{"id":29,"date":"2018-01-29T14:49:28","date_gmt":"2018-01-29T13:49:28","guid":{"rendered":"https:\/\/www.vos-sosmost.cz\/?page_id=29"},"modified":"2022-09-14T15:40:29","modified_gmt":"2022-09-14T13:40:29","slug":"fotogalerie","status":"publish","type":"page","link":"https:\/\/www.vos-sosmost.cz\/index.php\/fotogalerie\/","title":{"rendered":"Fotogalerie"},"content":{"rendered":"<p style=\"text-align: center;\">Ve\u0161ker\u00e9 aktu\u00e1ln\u00ed fotografie jsou dostupn\u00e9 na na\u0161ich soci\u00e1ln\u00edch s\u00edt\u00edch <strong><a href=\"https:\/\/www.facebook.com\/vossosmost.cz\">Facebook<\/a><\/strong> a <strong><a href=\"https:\/\/www.instagram.com\/vos_sosmost.cz\/\">Instagram<\/a><\/strong>.<\/p>\n<p>&nbsp;<\/p>\n<p style=\"text-align: center;\"><strong>\u0160koln\u00ed rok 2020\/2021<\/strong><\/p>\nngg_shortcode_0_placeholder\n<p style=\"text-align: center;\"><strong>\u0160koln\u00ed rok 2019\/2020<\/strong><\/p>\nngg_shortcode_1_placeholder\n<p style=\"text-align: center;\"><strong>\u0160koln\u00ed rok 2018\/2019<\/strong><\/p>\nngg_shortcode_2_placeholder\n<p style=\"text-align: center;\"><strong>\u0160koln\u00ed rok 2017\/2018<\/strong><\/p>\nngg_shortcode_3_placeholder\n<p style=\"text-align: center;\">&nbsp;<\/p>\n","protected":false},"excerpt":{"rendered":"<p>Ve\u0161ker\u00e9 aktu\u00e1ln\u00ed fotografie jsou dostupn\u00e9 na na\u0161ich soci\u00e1ln\u00edch s\u00edt\u00edch Facebook a Instagram. &nbsp; \u0160koln\u00ed rok 2020\/2021 \u0160koln\u00ed rok 2019\/2020 \u0160koln\u00ed rok 2018\/2019 &nbsp; \u0160koln\u00ed rok 2017\/2018 &nbsp;<\/p>\n","protected":false},"author":1,"featured_media":0,"parent":0,"menu_order":8,"comment_status":"closed","ping_status":"closed","template":"","meta":{"ngg_post_thumbnail":0,"footnotes":""},"class_list":["post-29","page","type-page","status-publish","hentry"],"_links":{"self":[{"href":"https:\/\/www.vos-sosmost.cz\/index.php\/wp-json\/wp\/v2\/pages\/29","targetHints":{"allow":["GET"]}}],"collection":[{"href":"https:\/\/www.vos-sosmost.cz\/index.php\/wp-json\/wp\/v2\/pages"}],"about":[{"href":"https:\/\/www.vos-sosmost.cz\/index.php\/wp-json\/wp\/v2\/types\/page"}],"author":[{"embeddable":true,"href":"https:\/\/www.vos-sosmost.cz\/index.php\/wp-json\/wp\/v2\/users\/1"}],"replies":[{"embeddable":true,"href":"https:\/\/www.vos-sosmost.cz\/index.php\/wp-json\/wp\/v2\/comments?post=29"}],"version-history":[{"count":79,"href":"https:\/\/www.vos-sosmost.cz\/index.php\/wp-json\/wp\/v2\/pages\/29\/revisions"}],"predecessor-version":[{"id":6319,"href":"https:\/\/www.vos-sosmost.cz\/index.php\/wp-json\/wp\/v2\/pages\/29\/revisions\/6319"}],"wp:attachment":[{"href":"https:\/\/www.vos-sosmost.cz\/index.php\/wp-json\/wp\/v2\/media?parent=29"}],"curies":[{"name":"wp","href":"https:\/\/api.w.org\/{rel}","templated":true}]}}