{"id":285,"date":"2024-11-13T11:44:16","date_gmt":"2024-11-13T10:44:16","guid":{"rendered":"https:\/\/www.vos-sosmost.cz\/?page_id=285"},"modified":"2026-03-16T09:30:36","modified_gmt":"2026-03-16T08:30:36","slug":"dny-otevrenych-dveri","status":"publish","type":"page","link":"https:\/\/www.vos-sosmost.cz\/index.php\/vyssi-odborna-skola\/uchazec\/dny-otevrenych-dveri\/","title":{"rendered":"Den otev\u0159en\u00fdch dve\u0159\u00ed VO\u0160"},"content":{"rendered":"<p>Srde\u010dn\u011b V\u00e1s zveme na den otev\u0159en\u00fdch dve\u0159\u00ed ve n\u00ed\u017ee uveden\u00fdch term\u00ednech v prostor\u00e1ch VO\u0160, OA, SPg\u0160 a SZ\u0160 Most, kde V\u00e1m budou poskytnuty podrobn\u00e9 informace o organizaci vzd\u011bl\u00e1v\u00e1n\u00ed, p\u0159ij\u00edmac\u00edm \u0159\u00edzen\u00ed, n\u00e1plni jednotliv\u00fdch p\u0159edm\u011bt\u016f atd. D\u00e1le je mo\u017en\u00e9 prohl\u00e9dnout si interi\u00e9r \u0161koly v\u010detn\u011b odborn\u00fdch u\u010deben, kde V\u00e1m na\u0161i vyu\u010duj\u00edc\u00ed r\u00e1di zodpov\u00ed Va\u0161e dotazy t\u00fdkaj\u00edc\u00ed se v\u00fduky.<\/p>\n<p><strong>Pro \u00fa\u010dast na Dni otev\u0159en\u00fdch dve\u0159\u00ed je nutn\u00e9 se zaregistrovat na konkr\u00e9tn\u00ed \u010das. <span style=\"color: #ff0000;\">Rezerva\u010dn\u00ed formul\u00e1\u0159 je ji\u017e uzav\u0159en.<\/span><\/strong><\/p>\n<ul>\n<li><strong>st\u0159eda 18. 3. 2026 (9:00 &#8211; 17:00)<\/strong>\n<ul>\n<li>Budova A (Zde\u0148ka Fibicha 2778, Most) pro vzd\u011bl\u00e1vac\u00ed programy:\n<ul>\n<li>Soci\u00e1ln\u011b pr\u00e1vn\u00ed \u010dinnost<\/li>\n<li>Firemn\u00ed ekonomika<\/li>\n<li>Pr\u00e1vn\u00ed asistence<\/li>\n<li>P\u0159ed\u0161koln\u00ed a mimo\u0161koln\u00ed pedagogika<\/li>\n<li>Diplomovan\u00e1 v\u0161eobecn\u00e1 sestra<\/li>\n<li>Diplomovan\u00e1 d\u011btsk\u00e1 sestra<\/li>\n<li>Diplomovan\u00fd nutri\u010dn\u00ed terapeut<\/li>\n<\/ul>\n<\/li>\n<\/ul>\n<\/li>\n<\/ul>\n","protected":false},"excerpt":{"rendered":"<p>Srde\u010dn\u011b V\u00e1s zveme na den otev\u0159en\u00fdch dve\u0159\u00ed ve n\u00ed\u017ee uveden\u00fdch term\u00ednech v prostor\u00e1ch VO\u0160, OA, SPg\u0160 a SZ\u0160 Most, kde V\u00e1m budou poskytnuty podrobn\u00e9 informace o organizaci vzd\u011bl\u00e1v\u00e1n\u00ed, p\u0159ij\u00edmac\u00edm \u0159\u00edzen\u00ed, n\u00e1plni jednotliv\u00fdch p\u0159edm\u011bt\u016f atd. D\u00e1le je mo\u017en\u00e9 prohl\u00e9dnout si interi\u00e9r <a href=\"https:\/\/www.vos-sosmost.cz\/index.php\/vyssi-odborna-skola\/uchazec\/dny-otevrenych-dveri\/\" class=\"read-more\">Read More &#8230;<\/a><\/p>\n","protected":false},"author":1,"featured_media":5652,"parent":2336,"menu_order":0,"comment_status":"closed","ping_status":"closed","template":"","meta":{"ngg_post_thumbnail":0,"footnotes":""},"class_list":["post-285","page","type-page","status-publish","has-post-thumbnail","hentry"],"_links":{"self":[{"href":"https:\/\/www.vos-sosmost.cz\/index.php\/wp-json\/wp\/v2\/pages\/285","targetHints":{"allow":["GET"]}}],"collection":[{"href":"https:\/\/www.vos-sosmost.cz\/index.php\/wp-json\/wp\/v2\/pages"}],"about":[{"href":"https:\/\/www.vos-sosmost.cz\/index.php\/wp-json\/wp\/v2\/types\/page"}],"author":[{"embeddable":true,"href":"https:\/\/www.vos-sosmost.cz\/index.php\/wp-json\/wp\/v2\/users\/1"}],"replies":[{"embeddable":true,"href":"https:\/\/www.vos-sosmost.cz\/index.php\/wp-json\/wp\/v2\/comments?post=285"}],"version-history":[{"count":39,"href":"https:\/\/www.vos-sosmost.cz\/index.php\/wp-json\/wp\/v2\/pages\/285\/revisions"}],"predecessor-version":[{"id":9313,"href":"https:\/\/www.vos-sosmost.cz\/index.php\/wp-json\/wp\/v2\/pages\/285\/revisions\/9313"}],"up":[{"embeddable":true,"href":"https:\/\/www.vos-sosmost.cz\/index.php\/wp-json\/wp\/v2\/pages\/2336"}],"wp:featuredmedia":[{"embeddable":true,"href":"https:\/\/www.vos-sosmost.cz\/index.php\/wp-json\/wp\/v2\/media\/5652"}],"wp:attachment":[{"href":"https:\/\/www.vos-sosmost.cz\/index.php\/wp-json\/wp\/v2\/media?parent=285"}],"curies":[{"name":"wp","href":"https:\/\/api.w.org\/{rel}","templated":true}]}}