{"id":277,"date":"2018-02-08T18:33:54","date_gmt":"2018-02-08T17:33:54","guid":{"rendered":"https:\/\/www.vos-sosmost.cz\/?page_id=277"},"modified":"2018-10-29T11:36:29","modified_gmt":"2018-10-29T10:36:29","slug":"domov-mladeze","status":"publish","type":"page","link":"https:\/\/www.vos-sosmost.cz\/index.php\/domov-mladeze\/","title":{"rendered":"Domov ml\u00e1de\u017ee"},"content":{"rendered":"<p><strong>Domov ml\u00e1de\u017ee Vy\u0161\u0161\u00ed odborn\u00e9 \u0161koly ekonomick\u00e9, soci\u00e1ln\u00ed a zdravotnick\u00e9, Obchodn\u00ed akademie, St\u0159edn\u00ed pedagogick\u00e9 \u0161koly a St\u0159edn\u00ed zdravotnick\u00e9 \u0161koly, Most, p\u0159\u00edsp\u011bvkov\u00e9 organizace, ul. J. E. Purkyn\u011b 271<\/strong><\/p>\n<p>Domov ml\u00e1de\u017ee zaji\u0161\u0165uje ubytov\u00e1n\u00ed a stravov\u00e1n\u00ed pro \u017e\u00e1ky st\u0159edn\u00edch \u0161kol a studenty vy\u0161\u0161\u00edch odborn\u00fdch \u0161kol mosteck\u00e9ho regionu. Sou\u010d\u00e1st\u00ed ubytov\u00e1n\u00ed je v\u00fdchova a vzd\u011bl\u00e1v\u00e1n\u00ed, kter\u00e9 vedou k plnohodnotn\u00e9mu vyu\u017e\u00edv\u00e1n\u00ed voln\u00e9ho \u010dasu podporou volno \u010dasov\u00fdch aktivit a z\u00e1jmov\u00e9ho vzd\u011bl\u00e1v\u00e1n\u00ed v\u010detn\u011b p\u0159\u00edpravy na vyu\u010dov\u00e1n\u00ed.<\/p>\n<p>Z\u00e1kladn\u00ed jednotkou v\u00fdchovn\u011b vzd\u011bl\u00e1vac\u00ed \u010dinnosti v domov\u011b ml\u00e1de\u017ee je v\u00fdchovn\u00e1 skupina. V\u00fdchovn\u00e9 skupiny \u017e\u00e1k\u016f a student\u016f jsou vedeny s ohledem na v\u011bk a pohlav\u00ed a dle vyhl\u00e1\u0161ky \u010d. 108\/2005 Sb., o \u0161kolsk\u00fdch v\u00fdchovn\u00fdch a ubytovac\u00edch za\u0159\u00edzen\u00edch. Skupiny vedou kvalifikovan\u00e9 vychovatelky, kter\u00e9 zabezpe\u010duj\u00ed krom\u011b v\u00fdchovn\u00e9 pr\u00e1ce tak\u00e9 nab\u00eddku z\u00e1jmov\u00fdch \u00fatvar\u016f z oblasti t\u011blov\u00fdchovn\u00e9, kulturn\u00ed, v\u00fdtvarn\u00e9 i vzd\u011bl\u00e1vac\u00ed. \u010cinnost domova ml\u00e1de\u017ee je v \u00fazk\u00e9 sou\u010dinnosti se v\u0161emi sou\u010d\u00e1stmi \u0161koly. Prezentace \u010dinnost\u00ed domova ml\u00e1de\u017ee a jej\u00ed pravideln\u00e1 aktualizace je sou\u010d\u00e1st\u00ed webov\u00fdch str\u00e1nek \u0161koly.<\/p>\n<p>Provoz domova ml\u00e1de\u017ee je zaji\u0161t\u011bn od 16:00 hodin v ned\u011bli do 15:00 hodin v p\u00e1tek. V\u00edkendov\u00fd provoz nen\u00ed ve st\u00e1l\u00e9 nab\u00eddce DM, je v\u0161ak sou\u010d\u00e1st\u00ed dopl\u0148kov\u00e9 \u010dinnosti \u0161koly.<\/p>\n<p><strong>Domov ml\u00e1de\u017ee je um\u00edst\u011bn v are\u00e1lu sekce zdravotnick\u00e9ho vzd\u011bl\u00e1v\u00e1n\u00ed<\/strong>&nbsp;(ul. J. E. Purkyn\u011b 272),&nbsp;<strong>ve vzd\u00e1lenosti p\u0159ibli\u017en\u011b 10 min. ch\u016fze od druh\u00e9 budovy \u0161koly, kde je um\u00edst\u011bna VO\u0160, OA a SPg\u0160<\/strong>&nbsp;(ul. Zd. Fibicha 2778).&nbsp;<strong>Kapacita za\u0159\u00edzen\u00ed je 135 m\u00edst pro d\u00edvky i chlapce.<\/strong><\/p>\n<p>Ubytov\u00e1n\u00ed je ve dvoul\u016f\u017ekov\u00fdch pokoj\u00edch, zrekonstruovan\u00e1 soci\u00e1ln\u00ed za\u0159\u00edzen\u00ed jsou na jednotliv\u00fdch patrech. K hlavn\u00edm p\u0159ednostem domova ml\u00e1de\u017ee pat\u0159\u00ed v\u00fdhodn\u00e1 poloha uprost\u0159ed m\u011bsta u stanice MHD, kvalifikovan\u00fd pedagogick\u00fd sbor, mo\u017enost kvalitn\u00edho celodenn\u00edho stravov\u00e1n\u00ed, ekonomick\u00e9 a person\u00e1ln\u00ed z\u00e1zem\u00ed siln\u00e9 p\u00e1te\u0159n\u00ed \u0161koly \u00dasteck\u00e9ho kraje. O tom sv\u011bd\u010d\u00ed i fakt, \u017ee v DM jsou pravideln\u011b ubytov\u00e1v\u00e1ni \u017e\u00e1ci a studenti v\u011bt\u0161iny \u0161kol z Mostu i bl\u00edzk\u00e9ho okol\u00ed.<\/p>\n<p>V r\u00e1mci dopl\u0148kov\u00e9 \u010dinnosti je poskytov\u00e1no rovn\u011b\u017e nadstandardn\u00ed ubytov\u00e1n\u00ed v hostinsk\u00fdch pokoj\u00edch s vlastn\u00edm soci\u00e1ln\u00edm za\u0159\u00edzen\u00edm. Inovace domova ml\u00e1de\u017ee je zaji\u0161\u0165ov\u00e1na po obsahov\u00e9 i po materi\u00e1ln\u00ed str\u00e1nce. V posledn\u00ed dob\u011b pro\u0161el DM n\u011bkolika rekonstrukcemi, tak\u017ee spl\u0148uje vysok\u00e9 n\u00e1roky na kvalitu ubytov\u00e1n\u00ed. Postupn\u011b doch\u00e1z\u00ed i k obnov\u011b za\u0159\u00edzen\u00ed a n\u00e1bytku v ubytovac\u00ed i stravovac\u00ed \u010d\u00e1sti.<\/p>\n","protected":false},"excerpt":{"rendered":"<p>Domov ml\u00e1de\u017ee Vy\u0161\u0161\u00ed odborn\u00e9 \u0161koly ekonomick\u00e9, soci\u00e1ln\u00ed a zdravotnick\u00e9, Obchodn\u00ed akademie, St\u0159edn\u00ed pedagogick\u00e9 \u0161koly a St\u0159edn\u00ed zdravotnick\u00e9 \u0161koly, Most, p\u0159\u00edsp\u011bvkov\u00e9 organizace, ul. J. E. Purkyn\u011b 271 Domov ml\u00e1de\u017ee zaji\u0161\u0165uje ubytov\u00e1n\u00ed a stravov\u00e1n\u00ed pro \u017e\u00e1ky st\u0159edn\u00edch \u0161kol a studenty vy\u0161\u0161\u00edch odborn\u00fdch <a href=\"https:\/\/www.vos-sosmost.cz\/index.php\/domov-mladeze\/\" class=\"read-more\">Read More &#8230;<\/a><\/p>\n","protected":false},"author":1,"featured_media":0,"parent":0,"menu_order":4,"comment_status":"closed","ping_status":"closed","template":"","meta":{"ngg_post_thumbnail":0,"footnotes":""},"class_list":["post-277","page","type-page","status-publish","hentry"],"_links":{"self":[{"href":"https:\/\/www.vos-sosmost.cz\/index.php\/wp-json\/wp\/v2\/pages\/277","targetHints":{"allow":["GET"]}}],"collection":[{"href":"https:\/\/www.vos-sosmost.cz\/index.php\/wp-json\/wp\/v2\/pages"}],"about":[{"href":"https:\/\/www.vos-sosmost.cz\/index.php\/wp-json\/wp\/v2\/types\/page"}],"author":[{"embeddable":true,"href":"https:\/\/www.vos-sosmost.cz\/index.php\/wp-json\/wp\/v2\/users\/1"}],"replies":[{"embeddable":true,"href":"https:\/\/www.vos-sosmost.cz\/index.php\/wp-json\/wp\/v2\/comments?post=277"}],"version-history":[{"count":2,"href":"https:\/\/www.vos-sosmost.cz\/index.php\/wp-json\/wp\/v2\/pages\/277\/revisions"}],"predecessor-version":[{"id":2922,"href":"https:\/\/www.vos-sosmost.cz\/index.php\/wp-json\/wp\/v2\/pages\/277\/revisions\/2922"}],"wp:attachment":[{"href":"https:\/\/www.vos-sosmost.cz\/index.php\/wp-json\/wp\/v2\/media?parent=277"}],"curies":[{"name":"wp","href":"https:\/\/api.w.org\/{rel}","templated":true}]}}