{"id":275,"date":"2022-03-16T07:33:25","date_gmt":"2022-03-16T06:33:25","guid":{"rendered":"https:\/\/www.vos-sosmost.cz\/?page_id=275"},"modified":"2025-09-04T11:44:21","modified_gmt":"2025-09-04T09:44:21","slug":"ubytovani","status":"publish","type":"page","link":"https:\/\/www.vos-sosmost.cz\/index.php\/domov-mladeze\/ubytovani\/","title":{"rendered":"Ubytov\u00e1n\u00ed"},"content":{"rendered":"<p><a href=\"\/dm\/dokumenty\/ubytovaci_rad_dm.pdf\" target=\"_blank\" rel=\"noopener noreferrer\"><strong>Ubytovac\u00ed \u0159\u00e1d domova ml\u00e1de\u017ee<\/strong><\/a><\/p>\n<p><strong>Smluvn\u00ed podm\u00ednky o poskytov\u00e1n\u00ed ubytov\u00e1n\u00ed v domov\u011b ml\u00e1de\u017ee<\/strong> (<strong><a href=\"\/dm\/dokumenty\/podminky_1900.pdf\">ve form\u00e1tu PDF<\/a><\/strong>, <strong><a href=\"\/dm\/dokumenty\/podminky_1900.doc\">ve form\u00e1tu DOC<\/a><\/strong>)<\/p>\n<p>P\u0159ihl\u00e1\u0161ka k ubytov\u00e1n\u00ed pro \u0161koln\u00ed rok 2025\/2026 &#8211; <strong><a href=\"\/dm\/dokumenty\/prihlaska_dm_2025_2026.xlsx\" target=\"_blank\" rel=\"noopener noreferrer\">ve form\u00e1tu XLSX<\/a>,&nbsp;<a href=\"\/dm\/dokumenty\/prihlaska_dm_2025_2026.pdf\" target=\"_blank\" rel=\"noopener noreferrer\">ve form\u00e1tu PDF<\/a><\/strong><\/p>\n<p>Tyto p\u0159ihl\u00e1\u0161ky mus\u00ed odevzdat ka\u017ed\u00fd (i v p\u0159edchoz\u00edch letech u n\u00e1s ji\u017e ubytovan\u00fd) elektronicky nebo po\u0161tou, kdo chce b\u00fdt ubytov\u00e1n \u010di se stravovat od z\u00e1\u0159\u00ed nadch\u00e1zej\u00edc\u00edho \u0161koln\u00edho roku.<\/p>\n<p>\u0160kola nab\u00edz\u00ed ubytov\u00e1n\u00ed \u017e\u00e1k\u016fm a student\u016fm \u0161kol \u00dasteck\u00e9ho kraje a v r\u00e1mci dopl\u0148kov\u00e9 \u010dinnosti i \u017e\u00e1k\u016fm a student\u016fm soukrom\u00fdch \u0161kol a student\u016fm d\u00e1lkov\u00e9ho studia. Standardn\u00ed ubytov\u00e1n\u00ed je poskytov\u00e1no ve dvoul\u016f\u017ekov\u00fdch pokoj\u00edch se spole\u010dn\u00fdm soci\u00e1ln\u00edm za\u0159\u00edzen\u00edm na pat\u0159e. Domov ml\u00e1de\u017ee je v provozu od ned\u011ble 16.00 hod. do p\u00e1tku 15.00 hod. P\u0159ihl\u00e1\u0161ka se pod\u00e1v\u00e1 na ka\u017ed\u00fd \u0161koln\u00ed rok na adresu \u0161koly.<\/p>\n<p>Ubytov\u00e1n\u00ed je poskytov\u00e1no na z\u00e1klad\u011b p\u0159ihl\u00e1\u0161ky do DM, kterou je mo\u017eno z\u00edskat v DM, p\u0159\u00edpadn\u011b je k dispozici na webov\u00fdch str\u00e1nk\u00e1ch \u0161koly (viz d\u00e1le). K p\u0159ihl\u00e1\u0161ce je nutn\u00e9 dolo\u017eit Smluvn\u00ed podm\u00ednky o poskytov\u00e1n\u00ed ubytov\u00e1n\u00ed, kter\u00e9 je mo\u017eno vyplnit p\u0159i n\u00e1stupu, a fotografii na pr\u016fkazku DM (form\u00e1t OP). Ubytov\u00e1n\u00ed je poskytov\u00e1no na dobu jednoho \u0161koln\u00edho roku a \u0159\u00edd\u00ed se podm\u00ednkami Vnit\u0159n\u00edho a Provozn\u00edho \u0159\u00e1du DM. Vypln\u011bnou p\u0159ihl\u00e1\u0161ku je t\u0159eba odevzdat na sekretari\u00e1t \u0161koly, do domova ml\u00e1de\u017ee nebo zaslat na adresu: VO\u0160, OA, SPg\u0160 a SZ\u0160 Most, Zde\u0148ka Fibicha 2778\/20, 434 01&nbsp; Most.<\/p>\n<p><strong><u>Krit\u00e9ria p\u0159ijet\u00ed na DM<\/u><\/strong><\/p>\n<ol>\n<li><strong>\u017d\u00e1ci a studenti VO\u0160, OA, SPg\u0160 a SZ\u0160 Most, d\u00e1le v p\u0159\u00edpad\u011b voln\u00e9 kapacity \u017e\u00e1ci \u0161kol, jejich\u017e z\u0159izovatelem je \u00dasteck\u00fd kraj.&nbsp;&nbsp;&nbsp;<\/strong><\/li>\n<li><strong>Vzd\u00e1lenost m\u00edsta bydli\u0161t\u011b.<\/strong><\/li>\n<li><strong>Dopravn\u00ed obslu\u017enost z&nbsp;m\u00edsta bydli\u0161t\u011b.<\/strong><\/li>\n<li><strong>Soci\u00e1ln\u00ed status a zdravotn\u00ed stav \u017e\u00e1ka\/studenta.<\/strong><\/li>\n<li><strong>Datum p\u0159ijet\u00ed p\u0159ihl\u00e1\u0161ky (p\u0159ihl\u00e1\u0161ky se pro \u0161koln\u00ed rok 2024\/2025 uzav\u00edraj\u00ed k datu 24. 6. 2024).<\/strong><\/li>\n<\/ol>\n<p><strong>Na ubytov\u00e1n\u00ed v&nbsp;Domov\u011b ml\u00e1de\u017ee nen\u00ed pr\u00e1vn\u00ed n\u00e1rok.<\/strong><\/p>\n<p>N\u00e1stup do DM je v\u017edy p\u0159edchoz\u00ed den p\u0159ed zah\u00e1jen\u00edm vyu\u010dov\u00e1n\u00ed mezi 16:00 \u2013 21:00 hod. Po vz\u00e1jemn\u00e9 dohod\u011b je mo\u017en\u00fd pozd\u011bj\u0161\u00ed n\u00e1stup. Mimo v\u011bc\u00ed osobn\u00ed pot\u0159eby je nutn\u00e9 m\u00edt p\u0159ezut\u00ed pou\u017e\u00edvan\u00e9 pouze v DM. P\u0159i ubytov\u00e1n\u00ed ve dvoul\u016f\u017ekov\u00fdch pokoj\u00edch jsou zohledn\u011bna p\u0159\u00e1n\u00ed ubytovan\u00fdch.<\/p>\n<p><strong>Informace lze z\u00edskat:<\/strong><\/p>\n<p>Telefonicky: 417 637 477 linka 178<\/p>\n<p>Elektronicky: zilkova (zavinac) vos-sosmost.cz, mitkova (zavinac) vos-sosmost.cz<\/p>\n<p>Kontaktn\u00ed osoba: Ivana \u017dilkov\u00e1, Karin Mitkov\u00e1<\/p>\n<p>Platba za ubytov\u00e1n\u00ed v DM je stanovena dle Vyhl\u00e1\u0161ky \u010d. 108\/2005 Sb. Studenti a \u017e\u00e1ci hrad\u00ed m\u011bs\u00ed\u010dn\u00ed poplatek za standardn\u00ed ubytov\u00e1n\u00ed ve 2-l\u016f\u017ekov\u00e9m pokoji <strong>1 500,- K\u010d<\/strong>&nbsp; (75,- K\u010d na den). Tento poplatek mus\u00ed b\u00fdt uhrazen do konce m\u011bs\u00edce na m\u011bs\u00edc n\u00e1sleduj\u00edc\u00ed. V\u00fd\u0161e m\u011bs\u00ed\u010dn\u00ed \u00fahrady za ubytov\u00e1n\u00ed se nem\u011bn\u00ed i kdy\u017e student nen\u00ed ubytov\u00e1n po v\u0161echny dny v m\u011bs\u00edci. Pr\u00e1zdniny se v pr\u016fb\u011bhu \u0161koln\u00edho roku neode\u010d\u00edtaj\u00ed.<\/p>\n<p>P\u0159ed n\u00e1stupem k ubytov\u00e1n\u00ed se plat\u00ed vratn\u00e1 z\u00e1loha ve v\u00fd\u0161i jedn\u00e9 m\u011bs\u00ed\u010dn\u00ed platby za ubytov\u00e1n\u00ed tj. <strong>1 500,- K\u010d<\/strong>. Z vratn\u00e9 z\u00e1lohy se strh\u00e1v\u00e1 smluvn\u00ed pokuta z prodlen\u00ed a n\u00e1klady za p\u0159\u00edpadn\u011b zavin\u011bnou \u0161kodu na vybaven\u00ed domova ml\u00e1de\u017ee. Smluvn\u00ed pokuta z prodlen\u00ed \u010din\u00ed 10,- K\u010d za ka\u017ed\u00fd den po stanoven\u00e9m term\u00ednu.<\/p>\n<p>Kdo ji\u017e na DM p\u0159\u00ed\u0161t\u00ed rok nenastoup\u00ed, je nutn\u00e9 vyplnit formul\u00e1\u0159 k ukon\u010den\u00ed ubytov\u00e1n\u00ed, kter\u00fd je na webov\u00fdch str\u00e1nk\u00e1ch na\u0161\u00ed \u0161koly (ke sta\u017een\u00ed zde \u2013&nbsp;<a href=\"https:\/\/www.vos-sosmost.cz\/dm\/dokumenty\/zadost_ukonceni_ubytovani.docx\" target=\"_blank\" rel=\"noopener noreferrer\">form\u00e1t DOCX<\/a>,&nbsp;<a href=\"https:\/\/www.vos-sosmost.cz\/dm\/dokumenty\/zadost_ukonceni_ubytovani.pdf\" target=\"_blank\" rel=\"noopener noreferrer\">form\u00e1t PDF<\/a>) nebo k fyzick\u00e9mu vyzvednut\u00ed u vychovatelek.&nbsp;<\/p>\n<p>&nbsp;<\/p>\n<p><strong>Cen\u00edk ubytov\u00e1n\u00ed v r\u00e1mci dopl\u0148kov\u00e9 \u010dinnosti<\/strong><\/p>\n<p><span style=\"text-decoration: underline;\">Standardn\u00ed ubytov\u00e1n\u00ed v dob\u011b provozu DM<\/span><\/p>\n<p>Na 1 m\u011bs\u00edc &#8230;<strong> 2 000 K\u010d<\/strong><\/p>\n<p>Na 1 den &#8230; <strong>200 K\u010d<\/strong><\/p>\n<p>Ubytovan\u00fd se \u0159\u00edd\u00ed <strong><a href=\"https:\/\/www.vos-sosmost.cz\/dm\/dokumenty\/vnitrni_rad_dm.pdf\">vnit\u0159n\u00edm \u0159\u00e1dem DM<\/a><\/strong>.<\/p>\n<p>&nbsp;<\/p>\n<p><span style=\"text-decoration: underline;\">Nadstandardn\u00ed ubytov\u00e1n\u00ed (neomezen\u00fd provoz)<\/span><\/p>\n<p><strong>Dvoul\u016f\u017ekov\u00e9 pokoje<\/strong><\/p>\n<p>Na 1 m\u011bs\u00edc &#8230; 2 700 K\u010d (na osobu a l\u016f\u017eko)<\/p>\n<p>Na 1 den &#8230; 250 K\u010d (na osobu a l\u016f\u017eko)<\/p>\n<p><strong>Nadstandardn\u00ed jednol\u016f\u017ekov\u00e9 pokoje<\/strong><\/p>\n<p>Na 1 m\u011bs\u00edc &#8230; 3 000 K\u010d<\/p>\n<p>Na 1 den &#8230; 300 K\u010d<\/p>\n<p>Nadstandardn\u00ed ubytov\u00e1n\u00ed je poskytov\u00e1no pouze v r\u00e1mci dopl\u0148kov\u00e9 \u010dinnosti v jednom jednol\u016f\u017ekov\u00e9m a dvou dvoul\u016f\u017ekov\u00fdch pokoj\u00edch s mo\u017enost\u00ed p\u0159ist\u00fdlky a vlastn\u00edm soci\u00e1ln\u00edm za\u0159\u00edzen\u00edm.<\/p>\n<p>&nbsp;<\/p>\n<p>Kontaktn\u00ed osoba pro ubytov\u00e1n\u00ed p. Ivana \u017dilkov\u00e1, tel.: 417 637 477 linka 178, e-mail: zilkova (zavinac) vos-sosmost.cz.<\/p>\n<p>&nbsp;<\/p>\n<p>V Most\u011b 1. 9. 2025<\/p>\n<p>Ing. Jitka Ha\u0161kov\u00e1<\/p>\n<p>\u0159editelka \u0161koly<\/p>\n","protected":false},"excerpt":{"rendered":"<p>Ubytovac\u00ed \u0159\u00e1d domova ml\u00e1de\u017ee Smluvn\u00ed podm\u00ednky o poskytov\u00e1n\u00ed ubytov\u00e1n\u00ed v domov\u011b ml\u00e1de\u017ee (ve form\u00e1tu PDF, ve form\u00e1tu DOC) P\u0159ihl\u00e1\u0161ka k ubytov\u00e1n\u00ed pro \u0161koln\u00ed rok 2025\/2026 &#8211; ve form\u00e1tu XLSX,&nbsp;ve form\u00e1tu PDF Tyto p\u0159ihl\u00e1\u0161ky mus\u00ed odevzdat ka\u017ed\u00fd (i v p\u0159edchoz\u00edch letech <a href=\"https:\/\/www.vos-sosmost.cz\/index.php\/domov-mladeze\/ubytovani\/\" class=\"read-more\">Read More &#8230;<\/a><\/p>\n","protected":false},"author":1,"featured_media":0,"parent":277,"menu_order":0,"comment_status":"closed","ping_status":"closed","template":"","meta":{"ngg_post_thumbnail":0,"footnotes":""},"class_list":["post-275","page","type-page","status-publish","hentry"],"_links":{"self":[{"href":"https:\/\/www.vos-sosmost.cz\/index.php\/wp-json\/wp\/v2\/pages\/275","targetHints":{"allow":["GET"]}}],"collection":[{"href":"https:\/\/www.vos-sosmost.cz\/index.php\/wp-json\/wp\/v2\/pages"}],"about":[{"href":"https:\/\/www.vos-sosmost.cz\/index.php\/wp-json\/wp\/v2\/types\/page"}],"author":[{"embeddable":true,"href":"https:\/\/www.vos-sosmost.cz\/index.php\/wp-json\/wp\/v2\/users\/1"}],"replies":[{"embeddable":true,"href":"https:\/\/www.vos-sosmost.cz\/index.php\/wp-json\/wp\/v2\/comments?post=275"}],"version-history":[{"count":54,"href":"https:\/\/www.vos-sosmost.cz\/index.php\/wp-json\/wp\/v2\/pages\/275\/revisions"}],"predecessor-version":[{"id":8859,"href":"https:\/\/www.vos-sosmost.cz\/index.php\/wp-json\/wp\/v2\/pages\/275\/revisions\/8859"}],"up":[{"embeddable":true,"href":"https:\/\/www.vos-sosmost.cz\/index.php\/wp-json\/wp\/v2\/pages\/277"}],"wp:attachment":[{"href":"https:\/\/www.vos-sosmost.cz\/index.php\/wp-json\/wp\/v2\/media?parent=275"}],"curies":[{"name":"wp","href":"https:\/\/api.w.org\/{rel}","templated":true}]}}