{"id":272,"date":"2018-02-08T18:30:56","date_gmt":"2018-02-08T17:30:56","guid":{"rendered":"https:\/\/www.vos-sosmost.cz\/?page_id=272"},"modified":"2025-09-08T14:40:51","modified_gmt":"2025-09-08T12:40:51","slug":"stravovani","status":"publish","type":"page","link":"https:\/\/www.vos-sosmost.cz\/index.php\/o-skole\/stravovani\/","title":{"rendered":"Stravov\u00e1n\u00ed"},"content":{"rendered":"<p><strong><a href=\"\/dm\/dokumenty\/vnitrni_rad_sj_a.pdf\" target=\"_blank\" rel=\"noopener noreferrer\">Vnit\u0159n\u00ed \u0159\u00e1d \u0161koln\u00ed j\u00eddelny A<\/a><\/strong><\/p>\n<p><strong><a href=\"\/dm\/dokumenty\/vnitrni_rad_sj_c.pdf\" target=\"_blank\" rel=\"noopener noreferrer\">Vnit\u0159n\u00ed \u0159\u00e1d \u0161koln\u00ed j\u00eddelny C<\/a><\/strong><\/p>\n<p>P\u0159ihl\u00e1\u0161ka ke stravov\u00e1n\u00ed pro \u0161koln\u00ed rok 2025\/2026 &#8211; <strong><a href=\"\/dm\/dokumenty\/prihlaska_stravovani_2025.docx\" target=\"_blank\" rel=\"noopener noreferrer\">ve form\u00e1tu DOC<\/a><\/strong>,<strong>&nbsp;<a href=\"\/dm\/dokumenty\/prihlaska_stravovani_2025.pdf\" target=\"_blank\" rel=\"noopener noreferrer\">ve form\u00e1tu PDF<\/a><\/strong><\/p>\n<p>\u0160kola nab\u00edz\u00ed stravov\u00e1n\u00ed ve dvou \u0161koln\u00edch j\u00eddeln\u00e1ch student\u016fm a \u017e\u00e1k\u016fm \u0161kol \u00dasteck\u00e9ho kraje a v r\u00e1mci dopl\u0148kov\u00e9 \u010dinnosti i pro dal\u0161\u00ed z\u00e1jemce.<\/p>\n<p>Seznam alergen\u016f &#8211;&nbsp;<strong><a href=\"\/dm\/dokumenty\/alergeny.pdf\" target=\"_blank\" rel=\"noopener noreferrer\">informace ve form\u00e1tu PDF<\/a><\/strong><\/p>\n<p><strong>Platby za stravu dle Vyhl\u00e1\u0161ky \u010d. 107\/2005 Sb. ve zn\u011bn\u00ed pozd\u011bj\u0161\u00edch p\u0159edpis\u016f.<br \/>\n<\/strong><\/p>\n<p>Pro vyu\u017eit\u00ed slu\u017eeb \u0161koln\u00edch j\u00eddelen je si str\u00e1vn\u00edk povinen zakoupit stravovac\u00ed kartu, pop\u0159. se dostavit za vedouc\u00ed \u0161koln\u00ed j\u00eddelny&nbsp;s ISIC nebo \u0161koln\u00ed \u010dipovou kartou, kter\u00e1 mu bude na\u010dtena do syst\u00e9mu.<\/p>\n<table style=\"width: 93.2562%; height: 144px;\">\n<tbody>\n<tr style=\"background-color: #5a5a5a;\">\n<td style=\"width: 33.4177%; text-align: center; height: 24px;\"><span style=\"color: #ffffff;\"><strong>Stravn\u00e9<\/strong><\/span><\/td>\n<td style=\"width: 22.5976%; text-align: center; height: 24px;\"><span style=\"color: #ffffff;\"><strong>Str\u00e1vn\u00edci 11 \u2013 14 let<\/strong><\/span><\/td>\n<td style=\"width: 15.7816%; text-align: center; height: 24px;\"><span style=\"color: #ffffff;\"><strong>Str\u00e1vn\u00edci 15 a v\u00edce let<\/strong><\/span><\/td>\n<td style=\"width: 20.2814%; text-align: center; height: 24px;\"><span style=\"color: #ffffff;\"><strong>Studenti VO\u0160 (budova A)<span style=\"color: #ff0000;\">*<\/span><\/strong><\/span><\/td>\n<td style=\"width: 55.1109%; text-align: center; height: 24px;\"><span style=\"color: #ffffff;\"><strong>Dopl\u0148kov\u00e1 \u010dinnost<\/strong><\/span><\/td>\n<\/tr>\n<tr style=\"height: 24px;\">\n<td style=\"width: 33.4177%; height: 24px;\">Ob\u011bd<\/td>\n<td style=\"width: 22.5976%; text-align: center; height: 24px;\">40 K\u010d<\/td>\n<td style=\"width: 15.7816%; text-align: center; height: 24px;\">42 K\u010d<\/td>\n<td style=\"width: 20.2814%; text-align: center; height: 24px;\">44 K\u010d<\/td>\n<td style=\"width: 55.1109%; text-align: center; height: 24px;\">80 K\u010d<\/td>\n<\/tr>\n<tr style=\"height: 24px;\">\n<td style=\"width: 33.4177%; height: 24px;\">Sn\u00eddan\u011b + p\u0159esn\u00edd\u00e1vka (budova C)<\/td>\n<td style=\"text-align: center; height: 24px; width: 38.3792%;\" colspan=\"2\">35 K\u010d<\/td>\n<td style=\"width: 20.2814%; text-align: center; height: 24px;\">&nbsp;<\/td>\n<td style=\"width: 55.1109%; text-align: center; height: 24px;\">54 K\u010d<\/td>\n<\/tr>\n<tr style=\"height: 24px;\">\n<td style=\"width: 33.4177%; height: 24px;\">Ve\u010de\u0159e (budova C)<\/td>\n<td style=\"text-align: center; height: 24px; width: 38.3792%;\" colspan=\"2\">39 K\u010d<\/td>\n<td style=\"width: 20.2814%; text-align: center; height: 24px;\">&nbsp;<\/td>\n<td style=\"width: 55.1109%; text-align: center; height: 24px;\">67 K\u010d<\/td>\n<\/tr>\n<tr>\n<td style=\"width: 33.4177%;\">\u010cip na stravov\u00e1n\u00ed (v budov\u011b C)<\/td>\n<td style=\"text-align: center; width: 38.3792%;\" colspan=\"2\">40 K\u010d<\/td>\n<td style=\"width: 20.2814%; text-align: center;\">&nbsp;<\/td>\n<td style=\"width: 55.1109%; text-align: center;\">&nbsp;<\/td>\n<\/tr>\n<tr>\n<td style=\"width: 33.4177%;\">Stravovac\u00ed karta (v budov\u011b A)<\/td>\n<td style=\"text-align: center; width: 38.3792%;\" colspan=\"2\">40 K\u010d<\/td>\n<td style=\"width: 20.2814%; text-align: center;\">&nbsp;<\/td>\n<td style=\"width: 55.1109%; text-align: center;\">&nbsp;<\/td>\n<\/tr>\n<\/tbody>\n<\/table>\n<p><span style=\"color: #ff0000;\">*Na budov\u011b A se o v\u00edkendu va\u0159\u00ed pouze v p\u0159\u00edpad\u011b napln\u011bn\u00ed stanoven\u00e9ho minim\u00e1ln\u00edho po\u010dtu p\u0159ihl\u00e1\u0161en\u00fdch ob\u011bd\u016f.<\/span><\/p>\n<p>Kompletn\u00ed cen\u00edk je k nahl\u00e9dnut\u00ed u vedouc\u00ed j\u00eddelny.<\/p>\n<p><strong>P\u0159ihl\u00e1\u0161en\u00ed a odhl\u00e1\u0161en\u00ed stravy:<\/strong><\/p>\n<p>\u00dahrada stravn\u00e9ho se prov\u00e1d\u00ed bezhotovostn\u00edm p\u0159evodem, hotov\u011b v kancel\u00e1\u0159i vedouc\u00ed \u0161koln\u00ed j\u00eddelny. Na budov\u011b C je mo\u017en\u00e1 platba Inkasem.<\/p>\n<p>P\u0159ihl\u00e1\u0161ku z\u00e1jemci&nbsp; p\u0159edlo\u017e\u00ed v\u017edy p\u0159ed za\u010d\u00e1tkem \u0161koln\u00edho roku vzd\u011bl\u00e1v\u00e1n\u00ed.<\/p>\n<p>Pro volbu, p\u0159ihl\u00e1\u0161en\u00ed a odhl\u00e1\u0161en\u00ed j\u00eddel slou\u017e\u00ed port\u00e1l&nbsp;<strong><a href=\"https:\/\/www.strava.cz\/\">www.strava.cz<\/a><\/strong>, p\u0159ihla\u0161ovac\u00ed \u00fadaje z\u00edsk\u00e1 str\u00e1vn\u00edk u vedouc\u00ed \u0161koln\u00ed j\u00eddelny.<\/p>\n<table style=\"width: 825px;\">\n<tbody>\n<tr style=\"background-color: #5a5a5a;\">\n<td style=\"width: 829px; text-align: center;\"><span style=\"color: #ffffff;\"><em><strong>Budova A (Zde\u0148ka Fibicha 2778\/20), k\u00f3d j\u00eddelny 0734<\/strong><\/em><\/span><\/td>\n<\/tr>\n<\/tbody>\n<\/table>\n<p><strong>Vedouc\u00ed \u0161koln\u00ed j\u00eddelny<\/strong>&nbsp; Miroslava Vytla\u010dilov\u00e1<strong>,<\/strong> tel.: 417 637 477 linka 134, e-mail: vytlacilova(zavinac)vos-sosmost.cz<\/p>\n<p><strong>\u00da\u0159edn\u00ed hodiny pokladny \u0161koln\u00ed j\u00eddelny:<\/strong> pond\u011bl\u00ed a\u017e p\u00e1tek od 7:00 do 8:00 hod. a od 12:00 do 14:30 hod.<\/p>\n<p><strong>\u010c\u00edslo \u00fa\u010dtu pro budovu A:<\/strong>&nbsp;1040987369\/0800, VS je eviden\u010dn\u00ed \u010d\u00edslo str\u00e1vn\u00edka.<\/p>\n<p>Volbu j\u00eddla p\u0159es port\u00e1l <strong><a href=\"https:\/\/www.strava.cz\/\">www.strava.cz<\/a><\/strong> na nadch\u00e1zej\u00edc\u00ed pracovn\u00ed den je nutno prov\u00e9st do 14:00 hodin nebo t\u00fd\u017e den do 8:00 hodin telefonicky nebo osobn\u011b u vedouc\u00ed \u0161koln\u00ed j\u00eddelny.<\/p>\n<table style=\"width: 826px;\">\n<tbody>\n<tr style=\"background-color: #5a5a5a;\">\n<td style=\"width: 822px; text-align: center;\"><span style=\"color: #ffffff;\"><em><strong>Budova C (J. E. Purkyn\u011b 271), k\u00f3d j\u00eddelny 4095<\/strong><\/em><\/span><\/td>\n<\/tr>\n<\/tbody>\n<\/table>\n<p><strong>Vedouc\u00ed \u0161koln\u00ed j\u00eddelny:<\/strong> Ing. Barbora Kunov\u00e1, tel.: 417 637 477 linka 178, e-mail: kunova(zavinac)vos-sosmost.cz<\/p>\n<p><strong>\u00da\u0159edn\u00ed hodiny pokladny \u0161koln\u00ed j\u00eddelny:&nbsp;<\/strong>pond\u011bl\u00ed a\u017e p\u00e1tek&nbsp;od 7:00 do 8:00 hod. a od 12:00 do 14:30 hod.<\/p>\n<p><strong>\u010c\u00edslo \u00fa\u010dtu pro budovu C<\/strong>: 43-5416220237\/0100, VS je eviden\u010dn\u00ed \u010d\u00edslo str\u00e1vn\u00edka.<\/p>\n<p>Volbu j\u00eddla p\u0159es port\u00e1l <strong><a href=\"https:\/\/www.strava.cz\/\">www.strava.cz<\/a><\/strong> na nadch\u00e1zej\u00edc\u00ed pracovn\u00ed den je nutno prov\u00e9st do 14:00 hodin nebo t\u00fd\u017e den do 8:00 hodin telefonicky nebo osobn\u011b u vedouc\u00ed \u0161koln\u00ed j\u00eddelny.<\/p>\n<p>&nbsp;<\/p>\n<p>Str\u00e1vn\u00edci se \u0159\u00edd\u00ed provozn\u00edm \u0159\u00e1dem \u0161koln\u00ed j\u00eddelny.<\/p>\n<p>Zpracovala: Jana Ber\u00e1nkov\u00e1<\/p>\n<p>&nbsp;<\/p>\n<p>V Most\u011b 31. 8. 2025<\/p>\n<p>Ing. Jitka Ha\u0161kov\u00e1<\/p>\n<p>\u0159editelka \u0161koly<\/p>\n","protected":false},"excerpt":{"rendered":"<p>Vnit\u0159n\u00ed \u0159\u00e1d \u0161koln\u00ed j\u00eddelny A Vnit\u0159n\u00ed \u0159\u00e1d \u0161koln\u00ed j\u00eddelny C P\u0159ihl\u00e1\u0161ka ke stravov\u00e1n\u00ed pro \u0161koln\u00ed rok 2025\/2026 &#8211; ve form\u00e1tu DOC,&nbsp;ve form\u00e1tu PDF \u0160kola nab\u00edz\u00ed stravov\u00e1n\u00ed ve dvou \u0161koln\u00edch j\u00eddeln\u00e1ch student\u016fm a \u017e\u00e1k\u016fm \u0161kol \u00dasteck\u00e9ho kraje a v r\u00e1mci dopl\u0148kov\u00e9 <a href=\"https:\/\/www.vos-sosmost.cz\/index.php\/o-skole\/stravovani\/\" class=\"read-more\">Read More &#8230;<\/a><\/p>\n","protected":false},"author":1,"featured_media":0,"parent":353,"menu_order":3,"comment_status":"closed","ping_status":"closed","template":"","meta":{"ngg_post_thumbnail":0,"footnotes":""},"class_list":["post-272","page","type-page","status-publish","hentry"],"_links":{"self":[{"href":"https:\/\/www.vos-sosmost.cz\/index.php\/wp-json\/wp\/v2\/pages\/272","targetHints":{"allow":["GET"]}}],"collection":[{"href":"https:\/\/www.vos-sosmost.cz\/index.php\/wp-json\/wp\/v2\/pages"}],"about":[{"href":"https:\/\/www.vos-sosmost.cz\/index.php\/wp-json\/wp\/v2\/types\/page"}],"author":[{"embeddable":true,"href":"https:\/\/www.vos-sosmost.cz\/index.php\/wp-json\/wp\/v2\/users\/1"}],"replies":[{"embeddable":true,"href":"https:\/\/www.vos-sosmost.cz\/index.php\/wp-json\/wp\/v2\/comments?post=272"}],"version-history":[{"count":66,"href":"https:\/\/www.vos-sosmost.cz\/index.php\/wp-json\/wp\/v2\/pages\/272\/revisions"}],"predecessor-version":[{"id":8867,"href":"https:\/\/www.vos-sosmost.cz\/index.php\/wp-json\/wp\/v2\/pages\/272\/revisions\/8867"}],"up":[{"embeddable":true,"href":"https:\/\/www.vos-sosmost.cz\/index.php\/wp-json\/wp\/v2\/pages\/353"}],"wp:attachment":[{"href":"https:\/\/www.vos-sosmost.cz\/index.php\/wp-json\/wp\/v2\/media?parent=272"}],"curies":[{"name":"wp","href":"https:\/\/api.w.org\/{rel}","templated":true}]}}