{"id":241,"date":"2018-02-08T17:29:44","date_gmt":"2018-02-08T16:29:44","guid":{"rendered":"https:\/\/www.vos-sosmost.cz\/?page_id=241"},"modified":"2023-06-16T10:35:12","modified_gmt":"2023-06-16T08:35:12","slug":"kinesteticka-mobilizace","status":"publish","type":"page","link":"https:\/\/www.vos-sosmost.cz\/index.php\/kurzy\/prehled-kurzu\/kinesteticka-mobilizace\/","title":{"rendered":"Kinestetick\u00e1 mobilizace"},"content":{"rendered":"<p>C\u00edlem kinestetick\u00e9 mobilizace je podporovat navr\u00e1cen\u00ed zdrav\u00ed a zlep\u0161en\u00ed sob\u011bsta\u010dnosti pacienta.<br \/>\nC\u00edlem kurzu je osvojen\u00ed teoretick\u00fdch v\u011bdomost\u00ed a praktick\u00fdch dovednost\u00ed v kinestetick\u00e9 mobilizaci.<\/p>\n<p>C\u00edlovou skupinou kurzu jsou v\u0161eobecn\u00e9 sestry a zdravotn\u00ed asistenti.<\/p>\n<p><strong>Po\u010det kredit\u016f:<\/strong> 14<\/p>\n<p><strong>Rozsah kurzu:<\/strong> 24 hodin (12 hodin teoretick\u00e9 v\u00fduky, 12 hodin praktick\u00e9 v\u00fduky)<\/p>\n<p><strong>V\u00fdstup kurzu:<\/strong> certifik\u00e1t o absolvov\u00e1n\u00ed certifikovan\u00e9ho kurzu<\/p>\n<p><strong>Lektor:<\/strong> Mgr. Hana Ned\u011blkov\u00e1<\/p>\n<p><strong>Cena kurzu:<\/strong> 5 000,- K\u010d<\/p>\n<p>Souhrnn\u00fd let\u00e1k ke sta\u017een\u00ed <strong><a href=\"\/titulni\/kurzy\/letak_kinestetika.pdf\">zde<\/a><\/strong>.<\/p>\n","protected":false},"excerpt":{"rendered":"<p>C\u00edlem kinestetick\u00e9 mobilizace je podporovat navr\u00e1cen\u00ed zdrav\u00ed a zlep\u0161en\u00ed sob\u011bsta\u010dnosti pacienta. C\u00edlem kurzu je osvojen\u00ed teoretick\u00fdch v\u011bdomost\u00ed a praktick\u00fdch dovednost\u00ed v kinestetick\u00e9 mobilizaci. C\u00edlovou skupinou kurzu jsou v\u0161eobecn\u00e9 sestry a zdravotn\u00ed asistenti. Po\u010det kredit\u016f: 14 Rozsah kurzu: 24 hodin (12 <a href=\"https:\/\/www.vos-sosmost.cz\/index.php\/kurzy\/prehled-kurzu\/kinesteticka-mobilizace\/\" class=\"read-more\">Read More &#8230;<\/a><\/p>\n","protected":false},"author":1,"featured_media":0,"parent":221,"menu_order":6,"comment_status":"closed","ping_status":"closed","template":"","meta":{"ngg_post_thumbnail":0,"footnotes":""},"class_list":["post-241","page","type-page","status-publish","hentry"],"_links":{"self":[{"href":"https:\/\/www.vos-sosmost.cz\/index.php\/wp-json\/wp\/v2\/pages\/241","targetHints":{"allow":["GET"]}}],"collection":[{"href":"https:\/\/www.vos-sosmost.cz\/index.php\/wp-json\/wp\/v2\/pages"}],"about":[{"href":"https:\/\/www.vos-sosmost.cz\/index.php\/wp-json\/wp\/v2\/types\/page"}],"author":[{"embeddable":true,"href":"https:\/\/www.vos-sosmost.cz\/index.php\/wp-json\/wp\/v2\/users\/1"}],"replies":[{"embeddable":true,"href":"https:\/\/www.vos-sosmost.cz\/index.php\/wp-json\/wp\/v2\/comments?post=241"}],"version-history":[{"count":9,"href":"https:\/\/www.vos-sosmost.cz\/index.php\/wp-json\/wp\/v2\/pages\/241\/revisions"}],"predecessor-version":[{"id":7171,"href":"https:\/\/www.vos-sosmost.cz\/index.php\/wp-json\/wp\/v2\/pages\/241\/revisions\/7171"}],"up":[{"embeddable":true,"href":"https:\/\/www.vos-sosmost.cz\/index.php\/wp-json\/wp\/v2\/pages\/221"}],"wp:attachment":[{"href":"https:\/\/www.vos-sosmost.cz\/index.php\/wp-json\/wp\/v2\/media?parent=241"}],"curies":[{"name":"wp","href":"https:\/\/api.w.org\/{rel}","templated":true}]}}