{"id":238,"date":"2018-02-08T17:21:53","date_gmt":"2018-02-08T16:21:53","guid":{"rendered":"https:\/\/www.vos-sosmost.cz\/?page_id=238"},"modified":"2024-01-08T12:19:37","modified_gmt":"2024-01-08T11:19:37","slug":"zdravotne-socialni-pracovnik","status":"publish","type":"page","link":"https:\/\/www.vos-sosmost.cz\/index.php\/kurzy\/prehled-kurzu\/zdravotne-socialni-pracovnik\/","title":{"rendered":"Zdravotn\u011b-soci\u00e1ln\u00ed pracovn\u00edk"},"content":{"rendered":"<p>Vzd\u011bl\u00e1vac\u00ed program p\u0159ipravuje \u00fa\u010dastn\u00edky kurzu pro pr\u00e1ci zdravotnick\u00fdch pracovn\u00edk\u016f, kte\u0159\u00ed budou poskytovat preventivn\u00ed, diagnostickou a rehabilita\u010dn\u00ed p\u00e9\u010di v oboru zdravotn\u011b soci\u00e1ln\u00edm a to bez odborn\u00e9ho dohledu. \u00da\u010dastn\u00edk kurzu se bude tak\u00e9 pod\u00edlet na o\u0161et\u0159ovatelsk\u00e9 p\u00e9\u010di a to zejm\u00e9na v oblasti uspokojov\u00e1n\u00ed soci\u00e1ln\u00edch pot\u0159eb klienta\/pacienta.<\/p>\n<p><strong>Obsah kurzu:<\/strong> ve\u0159ejn\u00e9 zdravotnictv\u00ed a z\u00e1klady zdravotnick\u00e9 legislativy, vnit\u0159n\u00ed l\u00e9ka\u0159stv\u00ed, chirurgick\u00e9 obory, pediatrie, neurologie, psychiatrie, z\u00e1klady o\u0161et\u0159ovatelstv\u00ed, odborn\u00e1 praxe<\/p>\n<p><strong>Vstupn\u00ed p\u0159edpoklady:<\/strong> vzd\u011bl\u00e1n\u00ed pro pracovn\u00ed pozici soci\u00e1ln\u00edho pracovn\u00edka (vy\u0161\u0161\u00ed odborn\u00e9 vzd\u011bl\u00e1n\u00ed, vysoko\u0161kolsk\u00e9 vzd\u011bl\u00e1n\u00ed)<\/p>\n<p><strong>Rozsah kurzu:<\/strong> <strong>170 hodin<\/strong> (90 hodin teoretick\u00e9 v\u00fduky, 80 hodin praxe)<\/p>\n<p><strong>V\u00fdstup kurzu:<\/strong> osv\u011bd\u010den\u00ed o absolvov\u00e1n\u00ed vzd\u011bl\u00e1vac\u00edho programu od akreditovan\u00e9ho za\u0159\u00edzen\u00ed<\/p>\n<p><strong>Cena kurzu:<\/strong> 8 100,- K\u010d<\/p>\n<p>Souhrnn\u00fd let\u00e1k ke sta\u017een\u00ed<strong> <a href=\"\/titulni\/kurzy\/letak_zsp.pdf\">zde<\/a><\/strong>.<\/p>\n","protected":false},"excerpt":{"rendered":"<p>Vzd\u011bl\u00e1vac\u00ed program p\u0159ipravuje \u00fa\u010dastn\u00edky kurzu pro pr\u00e1ci zdravotnick\u00fdch pracovn\u00edk\u016f, kte\u0159\u00ed budou poskytovat preventivn\u00ed, diagnostickou a rehabilita\u010dn\u00ed p\u00e9\u010di v oboru zdravotn\u011b soci\u00e1ln\u00edm a to bez odborn\u00e9ho dohledu. \u00da\u010dastn\u00edk kurzu se bude tak\u00e9 pod\u00edlet na o\u0161et\u0159ovatelsk\u00e9 p\u00e9\u010di a to zejm\u00e9na v oblasti <a href=\"https:\/\/www.vos-sosmost.cz\/index.php\/kurzy\/prehled-kurzu\/zdravotne-socialni-pracovnik\/\" class=\"read-more\">Read More &#8230;<\/a><\/p>\n","protected":false},"author":1,"featured_media":0,"parent":221,"menu_order":5,"comment_status":"closed","ping_status":"closed","template":"","meta":{"ngg_post_thumbnail":0,"footnotes":""},"class_list":["post-238","page","type-page","status-publish","hentry"],"_links":{"self":[{"href":"https:\/\/www.vos-sosmost.cz\/index.php\/wp-json\/wp\/v2\/pages\/238","targetHints":{"allow":["GET"]}}],"collection":[{"href":"https:\/\/www.vos-sosmost.cz\/index.php\/wp-json\/wp\/v2\/pages"}],"about":[{"href":"https:\/\/www.vos-sosmost.cz\/index.php\/wp-json\/wp\/v2\/types\/page"}],"author":[{"embeddable":true,"href":"https:\/\/www.vos-sosmost.cz\/index.php\/wp-json\/wp\/v2\/users\/1"}],"replies":[{"embeddable":true,"href":"https:\/\/www.vos-sosmost.cz\/index.php\/wp-json\/wp\/v2\/comments?post=238"}],"version-history":[{"count":12,"href":"https:\/\/www.vos-sosmost.cz\/index.php\/wp-json\/wp\/v2\/pages\/238\/revisions"}],"predecessor-version":[{"id":7696,"href":"https:\/\/www.vos-sosmost.cz\/index.php\/wp-json\/wp\/v2\/pages\/238\/revisions\/7696"}],"up":[{"embeddable":true,"href":"https:\/\/www.vos-sosmost.cz\/index.php\/wp-json\/wp\/v2\/pages\/221"}],"wp:attachment":[{"href":"https:\/\/www.vos-sosmost.cz\/index.php\/wp-json\/wp\/v2\/media?parent=238"}],"curies":[{"name":"wp","href":"https:\/\/api.w.org\/{rel}","templated":true}]}}