{"id":232,"date":"2018-02-08T17:10:48","date_gmt":"2018-02-08T16:10:48","guid":{"rendered":"https:\/\/www.vos-sosmost.cz\/?page_id=232"},"modified":"2023-06-16T10:34:05","modified_gmt":"2023-06-16T08:34:05","slug":"chuva-pro-detske-koutky","status":"publish","type":"page","link":"https:\/\/www.vos-sosmost.cz\/index.php\/kurzy\/prehled-kurzu\/chuva-pro-detske-koutky\/","title":{"rendered":"Ch\u016fva pro d\u011btsk\u00e9 koutky"},"content":{"rendered":"<p>Kurz je ur\u010den t\u011bm, kte\u0159\u00ed se cht\u011bj\u00ed st\u00e1t profesion\u00e1lem v p\u00e9\u010di o d\u011bti.<br \/>\nPo absolvov\u00e1n\u00ed kurzu&nbsp;je mo\u017en\u00e9 naj\u00edt uplatn\u011bn\u00ed na trhu pr\u00e1ce v oblasti za\u0159\u00edzen\u00ed specializovan\u00fdch na hl\u00edd\u00e1n\u00ed d\u011bt\u00ed, alternativn\u00edch p\u0159ed\u0161koln\u00edch za\u0159\u00edzen\u00ed typu mate\u0159sk\u00fdch a rodinn\u00fdch center nebo d\u011btsk\u00fdch klub\u016f.<\/p>\n<p><strong>Vstupn\u00ed p\u0159edpoklady<\/strong>: minim\u00e1ln\u011b ukon\u010den\u00e9 z\u00e1kladn\u00ed vzd\u011bl\u00e1n\u00ed<\/p>\n<p><strong>Obsah kurzu:<\/strong> Zdravotnick\u00e9 minimum, p\u00e9\u010de o d\u00edt\u011b, pr\u00e1vn\u00ed a ekonomick\u00e9 aspekty profese ch\u016fvy<\/p>\n<p><strong>Rozsah kurzu:<\/strong> 22 hodin (v\u00edkendov\u00e1 v\u00fduka)<\/p>\n<p><strong>Zakon\u010den\u00ed:<\/strong> z\u00e1v\u011bre\u010dn\u00e9 ov\u011b\u0159en\u00ed znalost\u00ed a dovednost\u00ed<\/p>\n<p><strong>V\u00fdstup kurzu:<\/strong> potvrzen\u00ed o \u00fa\u010dasti v kurzu<\/p>\n<p><strong>Cena kurzu:<\/strong> 5 300 K\u010d (2 500,- K\u010d standardn\u00ed cena + 2 800,- K\u010d zkou\u0161ka p\u0159ed autorizovanou osobou)<\/p>\n<p><em>Z\u00e1jemce se m\u016f\u017ee p\u0159ihl\u00e1sit k cel\u00e9mu kurzu nebo pouze ke zkou\u0161ce p\u0159ed autorizovanou osobou.<\/em><\/p>\n<p>Souhrnn\u00fd let\u00e1k ke sta\u017een\u00ed <strong><a href=\"\/titulni\/kurzy\/letak_chuva_koutek.pdf\">zde<\/a><\/strong>.<\/p>\n","protected":false},"excerpt":{"rendered":"<p>Kurz je ur\u010den t\u011bm, kte\u0159\u00ed se cht\u011bj\u00ed st\u00e1t profesion\u00e1lem v p\u00e9\u010di o d\u011bti. Po absolvov\u00e1n\u00ed kurzu&nbsp;je mo\u017en\u00e9 naj\u00edt uplatn\u011bn\u00ed na trhu pr\u00e1ce v oblasti za\u0159\u00edzen\u00ed specializovan\u00fdch na hl\u00edd\u00e1n\u00ed d\u011bt\u00ed, alternativn\u00edch p\u0159ed\u0161koln\u00edch za\u0159\u00edzen\u00ed typu mate\u0159sk\u00fdch a rodinn\u00fdch center nebo d\u011btsk\u00fdch klub\u016f. <a href=\"https:\/\/www.vos-sosmost.cz\/index.php\/kurzy\/prehled-kurzu\/chuva-pro-detske-koutky\/\" class=\"read-more\">Read More &#8230;<\/a><\/p>\n","protected":false},"author":1,"featured_media":0,"parent":221,"menu_order":3,"comment_status":"closed","ping_status":"closed","template":"","meta":{"ngg_post_thumbnail":0,"footnotes":""},"class_list":["post-232","page","type-page","status-publish","hentry"],"_links":{"self":[{"href":"https:\/\/www.vos-sosmost.cz\/index.php\/wp-json\/wp\/v2\/pages\/232","targetHints":{"allow":["GET"]}}],"collection":[{"href":"https:\/\/www.vos-sosmost.cz\/index.php\/wp-json\/wp\/v2\/pages"}],"about":[{"href":"https:\/\/www.vos-sosmost.cz\/index.php\/wp-json\/wp\/v2\/types\/page"}],"author":[{"embeddable":true,"href":"https:\/\/www.vos-sosmost.cz\/index.php\/wp-json\/wp\/v2\/users\/1"}],"replies":[{"embeddable":true,"href":"https:\/\/www.vos-sosmost.cz\/index.php\/wp-json\/wp\/v2\/comments?post=232"}],"version-history":[{"count":11,"href":"https:\/\/www.vos-sosmost.cz\/index.php\/wp-json\/wp\/v2\/pages\/232\/revisions"}],"predecessor-version":[{"id":7168,"href":"https:\/\/www.vos-sosmost.cz\/index.php\/wp-json\/wp\/v2\/pages\/232\/revisions\/7168"}],"up":[{"embeddable":true,"href":"https:\/\/www.vos-sosmost.cz\/index.php\/wp-json\/wp\/v2\/pages\/221"}],"wp:attachment":[{"href":"https:\/\/www.vos-sosmost.cz\/index.php\/wp-json\/wp\/v2\/media?parent=232"}],"curies":[{"name":"wp","href":"https:\/\/api.w.org\/{rel}","templated":true}]}}