{"id":221,"date":"2018-02-08T16:50:12","date_gmt":"2018-02-08T15:50:12","guid":{"rendered":"https:\/\/www.vos-sosmost.cz\/?page_id=221"},"modified":"2025-09-04T11:52:30","modified_gmt":"2025-09-04T09:52:30","slug":"prehled-kurzu","status":"publish","type":"page","link":"https:\/\/www.vos-sosmost.cz\/index.php\/kurzy\/prehled-kurzu\/","title":{"rendered":"P\u0159ehled a z\u00e1kladn\u00ed informace o kurzech"},"content":{"rendered":"<p style=\"text-align: center;\"><b>Nab\u00eddka vzd\u011bl\u00e1vac\u00edch kurz\u016f pro \u0161koln\u00ed rok 2025\/2026<\/b><\/p>\n<p>Ve \u0161koln\u00edm roce 2025\/2026 \u0161kola jako centrum celo\u017eivotn\u00edho u\u010den\u00ed v r\u00e1mci dal\u0161\u00edho vzd\u011bl\u00e1v\u00e1n\u00ed nab\u00edz\u00ed toto spektrum vzd\u011bl\u00e1vac\u00edch aktivit:<\/p>\n<table id=\"table2\" class=\"mceItemTable\" style=\"width: 90%; height: 144px;\" border=\"0\" width=\"90%\">\n<tbody>\n<tr style=\"height: 24px;\">\n<td style=\"height: 24px; width: 99.5165%; text-align: center;\"><span style=\"color: #000000;\"><b><a style=\"color: #000000;\" href=\"https:\/\/www.vos-sosmost.cz\/index.php\/kurzy\/prehled-kurzu\/chuva-pro-detske-koutky\/\" target=\"_blank\" rel=\"noopener noreferrer\"><u>Ch\u016fva pro d\u011btsk\u00e9 koutky<\/u><\/a><\/b><\/span><\/td>\n<\/tr>\n<tr style=\"height: 24px;\">\n<td style=\"height: 24px; width: 99.5165%; text-align: center;\"><span style=\"color: #000000;\"><b><a style=\"color: #000000;\" href=\"https:\/\/www.vos-sosmost.cz\/index.php\/kurzy\/prehled-kurzu\/chuva-pro-deti-do-zahajeni-povinne-skolni-dochazky\/\" target=\"_blank\" rel=\"noopener noreferrer\"><u>Ch\u016fva pro d\u011bti do zah\u00e1jen\u00ed povinn\u00e9 \u0161koln\u00ed doch\u00e1zky<\/u><\/a><\/b><\/span><\/td>\n<\/tr>\n<tr style=\"height: 24px;\">\n<td style=\"height: 24px; width: 99.5165%; text-align: center;\"><span style=\"color: #000000;\"><a style=\"color: #000000;\" href=\"https:\/\/www.vos-sosmost.cz\/index.php\/kurzy\/prehled-kurzu\/kinesteticka-mobilizace\/\" target=\"_blank\" rel=\"noopener noreferrer\"><b><u>Kinestetick\u00e1 mobilizace<\/u><\/b><\/a><\/span><b><u><\/u><\/b><\/td>\n<\/tr>\n<tr style=\"height: 24px;\">\n<td style=\"height: 24px; width: 99.5165%; text-align: center;\"><span style=\"color: #000000;\"><a style=\"color: #000000; text-decoration: underline;\" href=\"https:\/\/www.vos-sosmost.cz\/index.php\/kurzy\/prehled-kurzu\/priprava-k-jednotlive-maturitni-zkousce-z-pedagogiky\/\" target=\"_blank\" rel=\"noopener noreferrer\"><b>P\u0159\u00edprava k jednotliv\u00e9 maturitn\u00ed zkou\u0161ce z pedagogiky<\/b><\/a><\/span><\/td>\n<\/tr>\n<tr style=\"height: 24px;\">\n<td style=\"height: 24px; width: 99.5165%; text-align: center;\"><span style=\"color: #000000;\"><a style=\"color: #000000;\" href=\"https:\/\/www.vos-sosmost.cz\/index.php\/kurzy\/prehled-kurzu\/sanitar\/\" target=\"_blank\" rel=\"noopener noreferrer\"><b><u>Sanit\u00e1\u0159 <\/u><\/b><\/a><\/span><\/td>\n<\/tr>\n<tr style=\"height: 24px;\">\n<td style=\"height: 24px; width: 99.5165%; text-align: center;\"><span style=\"color: #000000;\"><a style=\"color: #000000;\" href=\"https:\/\/www.vos-sosmost.cz\/index.php\/kurzy\/prehled-kurzu\/zdravotne-socialni-pracovnik\/\" target=\"_blank\" rel=\"noopener noreferrer\"><b><u>Zdravotn\u011b soci\u00e1ln\u00ed pracovn\u00edk<\/u><\/b><\/a><\/span><\/td>\n<\/tr>\n<\/tbody>\n<\/table>\n<p>Do kurz\u016f se lze p\u0159ihl\u00e1sit pouze <strong>z\u00e1vaznou<\/strong> p\u0159ihl\u00e1\u0161kou <strong><a href=\"https:\/\/www.vos-sosmost.cz\/index.php\/kurzy\/prihlaska-do-kurzu\/\">zde<\/a><\/strong>.<\/p>\n<p>Odpov\u011bdi na nej\u010dast\u011bj\u0161\u00ed dotazy naleznete <strong><a href=\"https:\/\/www.vos-sosmost.cz\/index.php\/kurzy\/caste-dotazy-faq\/\">zde<\/a><\/strong>.<\/p>\n<p>Vzd\u011bl\u00e1vac\u00ed instituce si vyhrazuje pr\u00e1vo v p\u0159\u00edpad\u011b nedostatku uchaze\u010d\u016f nebo jin\u00fdch skute\u010dnost\u00ed znemo\u017e\u0148uj\u00edc\u00edch kurz uskute\u010dnit term\u00edn zah\u00e1jen\u00ed odsunout nebo zcela zru\u0161it. O t\u00e9to informaci bude \u00fa\u010dastn\u00edk v\u010das uv\u011bdomen.<\/p>\n<p><strong>Bli\u017e\u0161\u00ed informace:<\/strong><\/p>\n<p><span style=\"text-decoration: underline;\">Garant p\u0159es C\u017dV<\/span><\/p>\n<p>Mgr. Eli\u0161ka Pale\u010dkov\u00e1<\/p>\n<p>Telefon: 417 637 477, klapka 149; 771 274 606<\/p>\n<p>E-mail: paleckova [zavinac] vos-sosmost.cz<\/p>\n<p><span style=\"text-decoration: underline;\">Administrativn\u00ed pracovn\u00edk<\/span><\/p>\n<p>Ivana \u017dilkov\u00e1<\/p>\n<p>Telefon: 417 637 477, klapka 178<\/p>\n<p>E-mail: zilkova [zavinac] vos-sosmost.cz<\/p>\n","protected":false},"excerpt":{"rendered":"<p>Nab\u00eddka vzd\u011bl\u00e1vac\u00edch kurz\u016f pro \u0161koln\u00ed rok 2025\/2026 Ve \u0161koln\u00edm roce 2025\/2026 \u0161kola jako centrum celo\u017eivotn\u00edho u\u010den\u00ed v r\u00e1mci dal\u0161\u00edho vzd\u011bl\u00e1v\u00e1n\u00ed nab\u00edz\u00ed toto spektrum vzd\u011bl\u00e1vac\u00edch aktivit: Ch\u016fva pro d\u011btsk\u00e9 koutky Ch\u016fva pro d\u011bti do zah\u00e1jen\u00ed povinn\u00e9 \u0161koln\u00ed doch\u00e1zky Kinestetick\u00e1 mobilizace P\u0159\u00edprava <a href=\"https:\/\/www.vos-sosmost.cz\/index.php\/kurzy\/prehled-kurzu\/\" class=\"read-more\">Read More &#8230;<\/a><\/p>\n","protected":false},"author":1,"featured_media":0,"parent":27,"menu_order":1,"comment_status":"closed","ping_status":"closed","template":"","meta":{"ngg_post_thumbnail":0,"footnotes":""},"class_list":["post-221","page","type-page","status-publish","hentry"],"_links":{"self":[{"href":"https:\/\/www.vos-sosmost.cz\/index.php\/wp-json\/wp\/v2\/pages\/221","targetHints":{"allow":["GET"]}}],"collection":[{"href":"https:\/\/www.vos-sosmost.cz\/index.php\/wp-json\/wp\/v2\/pages"}],"about":[{"href":"https:\/\/www.vos-sosmost.cz\/index.php\/wp-json\/wp\/v2\/types\/page"}],"author":[{"embeddable":true,"href":"https:\/\/www.vos-sosmost.cz\/index.php\/wp-json\/wp\/v2\/users\/1"}],"replies":[{"embeddable":true,"href":"https:\/\/www.vos-sosmost.cz\/index.php\/wp-json\/wp\/v2\/comments?post=221"}],"version-history":[{"count":28,"href":"https:\/\/www.vos-sosmost.cz\/index.php\/wp-json\/wp\/v2\/pages\/221\/revisions"}],"predecessor-version":[{"id":8862,"href":"https:\/\/www.vos-sosmost.cz\/index.php\/wp-json\/wp\/v2\/pages\/221\/revisions\/8862"}],"up":[{"embeddable":true,"href":"https:\/\/www.vos-sosmost.cz\/index.php\/wp-json\/wp\/v2\/pages\/27"}],"wp:attachment":[{"href":"https:\/\/www.vos-sosmost.cz\/index.php\/wp-json\/wp\/v2\/media?parent=221"}],"curies":[{"name":"wp","href":"https:\/\/api.w.org\/{rel}","templated":true}]}}