{"id":2077,"date":"2023-09-01T09:07:09","date_gmt":"2023-09-01T07:07:09","guid":{"rendered":"https:\/\/www.vos-sosmost.cz\/?page_id=2077"},"modified":"2025-01-04T09:42:31","modified_gmt":"2025-01-04T08:42:31","slug":"gdpr","status":"publish","type":"page","link":"https:\/\/www.vos-sosmost.cz\/index.php\/o-skole\/gdpr\/","title":{"rendered":"GDPR, WHISTLEBLOWING"},"content":{"rendered":"<p><strong>Informa\u010dn\u00ed memorandum o ochran\u011b osobn\u00edch \u00fadaj\u016f&nbsp;<\/strong>&nbsp;&#8211;&nbsp;<a href=\"\/titulni\/dokumenty\/gdpr\/info_memorandum.pdf\" target=\"_blank\" rel=\"noopener noreferrer\">ve form\u00e1tu PDF<\/a><\/p>\n<p><strong>Pov\u011b\u0159enec pro ochranu osobn\u00edch \u00fadaj\u016f<\/strong><\/p>\n<p>Ing. Dobroslava Vodr\u00e1\u0161kov\u00e1, kontakt poverenec[zavin\u00e1\u010d]vos-sosmost.cz.<\/p>\n<p>&nbsp;<\/p>\n<p><strong>Sm\u011brnice o ochran\u011b oznamovatel\u016f&nbsp;<\/strong> &#8211;&nbsp;<a href=\"\/titulni\/dokumenty\/gdpr\/whistleblowing.pdf\" target=\"_blank\" rel=\"noopener noreferrer\">ve form\u00e1tu PDF<\/a><\/p>\n","protected":false},"excerpt":{"rendered":"<p>Informa\u010dn\u00ed memorandum o ochran\u011b osobn\u00edch \u00fadaj\u016f&nbsp;&nbsp;&#8211;&nbsp;ve form\u00e1tu PDF Pov\u011b\u0159enec pro ochranu osobn\u00edch \u00fadaj\u016f Ing. Dobroslava Vodr\u00e1\u0161kov\u00e1, kontakt poverenec[zavin\u00e1\u010d]vos-sosmost.cz. &nbsp; Sm\u011brnice o ochran\u011b oznamovatel\u016f&nbsp; &#8211;&nbsp;ve form\u00e1tu PDF<\/p>\n","protected":false},"author":1,"featured_media":0,"parent":353,"menu_order":0,"comment_status":"closed","ping_status":"closed","template":"","meta":{"ngg_post_thumbnail":0,"footnotes":""},"class_list":["post-2077","page","type-page","status-publish","hentry"],"_links":{"self":[{"href":"https:\/\/www.vos-sosmost.cz\/index.php\/wp-json\/wp\/v2\/pages\/2077","targetHints":{"allow":["GET"]}}],"collection":[{"href":"https:\/\/www.vos-sosmost.cz\/index.php\/wp-json\/wp\/v2\/pages"}],"about":[{"href":"https:\/\/www.vos-sosmost.cz\/index.php\/wp-json\/wp\/v2\/types\/page"}],"author":[{"embeddable":true,"href":"https:\/\/www.vos-sosmost.cz\/index.php\/wp-json\/wp\/v2\/users\/1"}],"replies":[{"embeddable":true,"href":"https:\/\/www.vos-sosmost.cz\/index.php\/wp-json\/wp\/v2\/comments?post=2077"}],"version-history":[{"count":6,"href":"https:\/\/www.vos-sosmost.cz\/index.php\/wp-json\/wp\/v2\/pages\/2077\/revisions"}],"predecessor-version":[{"id":8484,"href":"https:\/\/www.vos-sosmost.cz\/index.php\/wp-json\/wp\/v2\/pages\/2077\/revisions\/8484"}],"up":[{"embeddable":true,"href":"https:\/\/www.vos-sosmost.cz\/index.php\/wp-json\/wp\/v2\/pages\/353"}],"wp:attachment":[{"href":"https:\/\/www.vos-sosmost.cz\/index.php\/wp-json\/wp\/v2\/media?parent=2077"}],"curies":[{"name":"wp","href":"https:\/\/api.w.org\/{rel}","templated":true}]}}