{"id":1960,"date":"2018-03-08T09:38:25","date_gmt":"2018-03-08T08:38:25","guid":{"rendered":"https:\/\/www.vos-sosmost.cz\/?page_id=1960"},"modified":"2025-01-04T09:40:08","modified_gmt":"2025-01-04T08:40:08","slug":"vos-oa-spgs-a-szs-most","status":"publish","type":"page","link":"https:\/\/www.vos-sosmost.cz\/index.php\/vos-oa-spgs-a-szs-most\/","title":{"rendered":"VO\u0160, OA, SPg\u0160 a SZ\u0160 Most"},"content":{"rendered":"<table>\n<tbody>\n<tr>\n<td>Responsible authority:<\/td>\n<td><img loading=\"lazy\" decoding=\"async\" class=\"alignnone size-medium wp-image-6592\" src=\"https:\/\/www.vos-sosmost.cz\/wp-content\/uploads\/2022\/11\/Image-300x83.png\" alt=\"\" width=\"300\" height=\"83\" srcset=\"https:\/\/www.vos-sosmost.cz\/wp-content\/uploads\/2022\/11\/Image-300x83.png 300w, https:\/\/www.vos-sosmost.cz\/wp-content\/uploads\/2022\/11\/Image-1024x283.png 1024w, https:\/\/www.vos-sosmost.cz\/wp-content\/uploads\/2022\/11\/Image-768x212.png 768w, https:\/\/www.vos-sosmost.cz\/wp-content\/uploads\/2022\/11\/Image-1536x425.png 1536w, https:\/\/www.vos-sosmost.cz\/wp-content\/uploads\/2022\/11\/Image-360x99.png 360w, https:\/\/www.vos-sosmost.cz\/wp-content\/uploads\/2022\/11\/Image-24x7.png 24w, https:\/\/www.vos-sosmost.cz\/wp-content\/uploads\/2022\/11\/Image-36x10.png 36w, https:\/\/www.vos-sosmost.cz\/wp-content\/uploads\/2022\/11\/Image-48x13.png 48w, https:\/\/www.vos-sosmost.cz\/wp-content\/uploads\/2022\/11\/Image.png 2048w\" sizes=\"auto, (max-width: 300px) 100vw, 300px\" \/><\/td>\n<\/tr>\n<tr>\n<td>Title:<\/td>\n<td>Higher College of Business Studies, Social Work and Healthcare, Business Academy, Secondary Pedagogical School and Secondary Healthcare School Most, contributory organisation<\/td>\n<\/tr>\n<tr>\n<td>Address:<\/td>\n<td>Zde\u0148ka Fibicha 2778\/20, 434&nbsp;01 Most<\/td>\n<\/tr>\n<tr>\n<td>Institution ID number:<\/td>\n<td>108006972<\/td>\n<\/tr>\n<tr>\n<td>ID numbers:<\/td>\n<td>49872427<\/td>\n<\/tr>\n<tr>\n<td>Telephone:<\/td>\n<td>417637477<\/td>\n<\/tr>\n<tr>\n<td>E-mail:<\/td>\n<td>skola (at) vos-sosmost.cz<\/td>\n<\/tr>\n<tr>\n<td>Data box:<\/td>\n<td>zcivy9b<\/td>\n<\/tr>\n<tr>\n<td>WWW:<\/td>\n<td><a href=\"https:\/\/www.vos-sosmost.cz\/\">https:\/\/www.vos-sosmost.cz<\/a><\/td>\n<\/tr>\n<tr>\n<td>School Management:<\/td>\n<td>Headteacher: <strong>Ing. Jitka Ha\u0161kov\u00e1<\/strong><\/p>\n<p>Statutory deputy headteacher: <strong style=\"font-family: inherit;\">Ing. Zden\u011bk Pa\u010fourek<\/strong><span style=\"font-family: inherit; font-weight: inherit;\">, responsible for secondary school<\/span><\/p>\n<p>Deputy headteacher: <strong>PhDr. V\u011bra Potu\u017e\u00e1kov\u00e1<\/strong>, responsible for secondary school<\/p>\n<p>Deputy headteacher: <strong>Mgr. Eli\u0161ka Pale\u010dkov\u00e1<\/strong><\/p>\n<p>Deputy headteacher: <strong>Bc. Josef \u0160t\u011bp\u00e1nek, DiS.<\/strong><\/p>\n<p>&nbsp;<\/td>\n<\/tr>\n<\/tbody>\n<\/table>\n<p style=\"text-align: center;\"><span style=\"color: #0000ff;\"><b>SECONDARY PEDAGOGICAL SCHOOL<\/b><\/span><\/p>\n<p><b>Pre-school and Extra-curricular Pedagogy<\/b><\/p>\n<p>Studies finished with school-leaving exam.<\/p>\n<p>Full-time study (4 years).<\/p>\n<p>Employment \u2013 nursery school, after-school childcare, boarding house, social care institutions, diagnostic institutions, youth clubs, children\u00b4s homes, leisure centers, educational institutions, hospital schools, private educational fields, special schools, day care centers.<\/p>\n<p><b>Pedagogical Lyceum<\/b><\/p>\n<p>Studies finished with school-leaving exam.<\/p>\n<p>Full-time study (4 years).<\/p>\n<p>Employment \u2013 study at universities and colleges of pedagogy and humanities study programmes, pedagogical assistant.<\/p>\n<p style=\"text-align: center;\"><span style=\"color: #0000ff;\"><b>BUSINESS ACADEMY<\/b><\/span><\/p>\n<p><b>Business <\/b><b>Academy<\/b><\/p>\n<p>Studies finished with school-leaving exam.<\/p>\n<p>Full-time study (4 years).<\/p>\n<p>Employment \u2013 accountant, bookkeeper, financial assistant, marketing assistant, secretary, sales representative, public administration official, banking and insurance assistant, and further financial and administrative jobs. Completed by the graduates are ready to develop own entrepreneurial activities.<\/p>\n<p><b>Business <\/b><b>Lyceum<\/b><\/p>\n<p>Studies finished with school-leaving exam.<\/p>\n<p>Full-time study (4 years).<\/p>\n<p>Employment \u2013 study at economic, managerial and legal faculties of universities and higher colleges focused on economics, business, finance and accountancy, public administration etc., in areas such as logistics, sale, promotion and marketing, bookkeeping, statistics, analysis for human resources management, for tax administration, in the area of organization of administrative activities.<\/p>\n<p style=\"text-align: center;\"><span style=\"color: #0000ff;\"><b>SECONDARY MEDICAL SCHOOL<\/b><\/span><\/p>\n<p><b>Medical<\/b><b> lyceum<\/b><\/p>\n<p>Studies finished with school-leaving exam.<\/p>\n<p>Full-time study (4 years).<\/p>\n<p>Employment \u2013 the graduate acquires knowledge and skills in biology, chemistry and physics; needed for study at medical faculties, teacher training faculties preparing teachers of healthcare subjects or social workers, the graduate is ready for healthcare management.<\/p>\n<p><b>Practical nurse<\/b><\/p>\n<p>Studies finished with school-leaving exam.<\/p>\n<p>Full-time study (4 years).<\/p>\n<p>Employment \u2013 the programme is designed for the education of general medical personnel that can be placed in all healthcare facilities.<\/p>\n<p><strong>Massage therapist in healthcare<\/strong><\/p>\n<p>Studies finished with school-leaving exam.<\/p>\n<p>Full-time study (4 years).<\/p>\n<p>Employment \u2013 therapist \u2013 massage services in studios and healthcare therapy, the school-leaving exam allows the students to continue their studies at a collage or university in similar programmes.<\/p>\n<p><b>Social<\/b> <b>Studies<\/b><\/p>\n<p>Studies finished with school-leaving exam.<\/p>\n<p>Full-time study (4 years).<\/p>\n<p>Employment &#8211; social worker in various outpatient or residential facilities and in field services, providing social assistance to children and adults.<\/p>\n<p style=\"text-align: center;\"><span style=\"color: #ff6600;\"><b>HIGHER COLLEGE OF SOCIAL AND LEGAL STUDIES<\/b><\/span><\/p>\n<p><b>Social<\/b><b> and <\/b><b>Legal<\/b> <b>Studies<\/b><\/p>\n<p>Studies finished with graduation<\/p>\n<p>Full-time study (3 years) and distance study (3 years)<\/p>\n<p>Employment \u2013 graduate social worker in social services in public and private sphere in the following jobs: independent social worker, independent resocialization worker, independent contact person in social services, advisor in social services, professional social worker, professional resocialization worker, coordinator of care service, professional contact person in social services, professional assistant in social services.<\/p>\n<p style=\"text-align: center;\"><span style=\"color: #ff6600;\"><b>HIGHER COLLEGE OF <\/b><b>BUSINESS STUDIES<\/b><\/span><\/p>\n<p><b>Business <\/b><b>administration<\/b><\/p>\n<p>Studies finished with graduation<\/p>\n<p>Full-time study (3 years) and distance study (3 years)<\/p>\n<p>Employment \u2013 independent entrepreneurial activities as a natural person or partners in various legal forms, junior and senior financial managers in financial and investment departments, accounting and tax departments, human resources departments, marketing departments, trade and sales departments in public, private, non-profit and joint-venture companies and organizations, further also in banking, insurance, auditing, tax authorities and institutions of financial administration.<\/p>\n<p><b>Legal<\/b> <b>assistance<\/b><\/p>\n<p>Studies finished with graduation<\/p>\n<p>Full-time study (3 years) and distance study (3 years)<\/p>\n<p>Employment \u2013 the graduate is prepared for carrying out supervised administrative legal activities, that demand knowledge of legal acts in various profit and non-profit organisations, for example the position of a legal assistant in legal departments, in institutions providing legal service, in institutions providing legal advice and help.<\/p>\n<p style=\"text-align: center;\"><span style=\"color: #ff6600;\"><b>HIGHER PEDAGOGICAL <\/b><b>COLLEGE<\/b><\/span><\/p>\n<p><b>Pre-school<\/b><b> and <\/b><b>leisure<\/b> <b>time<\/b><b> pedagogy<\/b><\/p>\n<p>Higher National Diploma degree<\/p>\n<p>Attendance (3 years) or distance (3 years)study programmes<\/p>\n<p>Employment options \u2013 pre-school teacher, educator, leisure time teacher\/instructor and teacher\u00b4s assistant especially in following institutions: nursery schools, preparatory primary school grades, school clubs, boarding schools, institutional care establishments for children and youth, leisure time centres, children homes with school, establishments for disabled children and youth, day and week care centres, psychiatric hospitals, hospital and sanatorium schools.<\/p>\n<p style=\"text-align: center;\"><span style=\"color: #ff6600;\"><b>HIGHER COLLEGE OF <\/b><b>HEALTHCARE<\/b><\/span><\/p>\n<p><b>Registered<\/b> <b>nurse<\/b><\/p>\n<p>Studies finished with graduation<\/p>\n<p>Full-time study (3 years) and combined study (3,5 years)<\/p>\n<p>Employment \u2013 professional nurse (medical assistant), graduates are able to provide independent qualified healthcare in all types of healthcare facilities with possible employment on the EU job market and in other countries.<\/p>\n<p><b>Nutritional<\/b> <b>Therapist<\/b><\/p>\n<p>Studies finished with graduation<\/p>\n<p>Full-time study (3 years) and combined study (3 years)<\/p>\n<p>Employment &#8211; comprehensive preventive care in the field of clinical nutrition and specific nursing care aimed at meeting nutritional needs.<\/p>\n<p><strong>Registered paediatric nurse<\/strong><\/p>\n<p>Studies finished with graduation<\/p>\n<p>Full-time study (3 years) and combined study (3 years)<\/p>\n","protected":false},"excerpt":{"rendered":"<p>Responsible authority: Title: Higher College of Business Studies, Social Work and Healthcare, Business Academy, Secondary Pedagogical School and Secondary Healthcare School Most, contributory organisation Address: Zde\u0148ka Fibicha 2778\/20, 434&nbsp;01 Most Institution ID number: 108006972 ID numbers: 49872427 Telephone: 417637477 E-mail: <a href=\"https:\/\/www.vos-sosmost.cz\/index.php\/vos-oa-spgs-a-szs-most\/\" class=\"read-more\">Read More &#8230;<\/a><\/p>\n","protected":false},"author":1,"featured_media":0,"parent":0,"menu_order":9,"comment_status":"closed","ping_status":"closed","template":"","meta":{"ngg_post_thumbnail":0,"footnotes":""},"class_list":["post-1960","page","type-page","status-publish","hentry"],"_links":{"self":[{"href":"https:\/\/www.vos-sosmost.cz\/index.php\/wp-json\/wp\/v2\/pages\/1960","targetHints":{"allow":["GET"]}}],"collection":[{"href":"https:\/\/www.vos-sosmost.cz\/index.php\/wp-json\/wp\/v2\/pages"}],"about":[{"href":"https:\/\/www.vos-sosmost.cz\/index.php\/wp-json\/wp\/v2\/types\/page"}],"author":[{"embeddable":true,"href":"https:\/\/www.vos-sosmost.cz\/index.php\/wp-json\/wp\/v2\/users\/1"}],"replies":[{"embeddable":true,"href":"https:\/\/www.vos-sosmost.cz\/index.php\/wp-json\/wp\/v2\/comments?post=1960"}],"version-history":[{"count":17,"href":"https:\/\/www.vos-sosmost.cz\/index.php\/wp-json\/wp\/v2\/pages\/1960\/revisions"}],"predecessor-version":[{"id":8481,"href":"https:\/\/www.vos-sosmost.cz\/index.php\/wp-json\/wp\/v2\/pages\/1960\/revisions\/8481"}],"wp:attachment":[{"href":"https:\/\/www.vos-sosmost.cz\/index.php\/wp-json\/wp\/v2\/media?parent=1960"}],"curies":[{"name":"wp","href":"https:\/\/api.w.org\/{rel}","templated":true}]}}