{"id":184,"date":"2018-02-08T14:16:53","date_gmt":"2018-02-08T13:16:53","guid":{"rendered":"https:\/\/www.vos-sosmost.cz\/?page_id=184"},"modified":"2025-02-05T09:36:13","modified_gmt":"2025-02-05T08:36:13","slug":"vychovatelky","status":"publish","type":"page","link":"https:\/\/www.vos-sosmost.cz\/index.php\/o-skole\/vychovatelky\/","title":{"rendered":"Vychovatelky"},"content":{"rendered":"<p>E-mailov\u00fd kontakt na jednotliv\u00e9 osoby:&nbsp;<b>prijmeni (zavin\u00e1\u010d) vos-sosmost.cz.<\/b><\/p>\n<p>Linka slou\u017e\u00ed pro p\u0159\u00edm\u00e9 spojen\u00ed s konkr\u00e9tn\u00ed osobou po zavol\u00e1n\u00ed na telefonn\u00ed \u010d\u00edslo&nbsp;<strong>417 637 477<\/strong>.<\/p>\n<table style=\"width: 73.7902%; height: 144px;\" border=\"0\" width=\"523\">\n<tbody>\n<tr style=\"background-color: #5e5a5a;\">\n<th style=\"width: 136.6%; height: 24px;\" colspan=\"2\"><span style=\"color: #ffffff;\">Vychovatelky<\/span><\/th>\n<\/tr>\n<tr style=\"background-color: #000000;\">\n<th style=\"background-color: #ffffff; height: 24px; width: 62.8726%;\" align=\"left\">Karin Mitkov\u00e1<\/th>\n<th style=\"background-color: #ffffff; height: 24px; width: 73.7276%;\"><img loading=\"lazy\" decoding=\"async\" class=\"alignnone wp-image-7311\" src=\"https:\/\/www.vos-sosmost.cz\/wp-content\/uploads\/2023\/09\/Mitkova-225x300.jpg\" alt=\"\" width=\"120\" height=\"160\" srcset=\"https:\/\/www.vos-sosmost.cz\/wp-content\/uploads\/2023\/09\/Mitkova-225x300.jpg 225w, https:\/\/www.vos-sosmost.cz\/wp-content\/uploads\/2023\/09\/Mitkova-203x270.jpg 203w, https:\/\/www.vos-sosmost.cz\/wp-content\/uploads\/2023\/09\/Mitkova-18x24.jpg 18w, https:\/\/www.vos-sosmost.cz\/wp-content\/uploads\/2023\/09\/Mitkova-27x36.jpg 27w, https:\/\/www.vos-sosmost.cz\/wp-content\/uploads\/2023\/09\/Mitkova-36x48.jpg 36w, https:\/\/www.vos-sosmost.cz\/wp-content\/uploads\/2023\/09\/Mitkova.jpg 300w\" sizes=\"auto, (max-width: 120px) 100vw, 120px\" \/><\/th>\n<\/tr>\n<tr style=\"background-color: #000000;\">\n<th style=\"background-color: #ffffff; height: 24px; width: 62.8726%;\" align=\"left\">Miroslava Mu\u017e\u00edkov\u00e1<\/th>\n<th style=\"background-color: #ffffff; height: 24px; width: 73.7276%;\"><img loading=\"lazy\" decoding=\"async\" class=\"alignnone wp-image-7315\" src=\"https:\/\/www.vos-sosmost.cz\/wp-content\/uploads\/2023\/09\/Leskova-225x300.jpg\" alt=\"\" width=\"120\" height=\"160\" srcset=\"https:\/\/www.vos-sosmost.cz\/wp-content\/uploads\/2023\/09\/Leskova-225x300.jpg 225w, https:\/\/www.vos-sosmost.cz\/wp-content\/uploads\/2023\/09\/Leskova-203x270.jpg 203w, https:\/\/www.vos-sosmost.cz\/wp-content\/uploads\/2023\/09\/Leskova-18x24.jpg 18w, https:\/\/www.vos-sosmost.cz\/wp-content\/uploads\/2023\/09\/Leskova-27x36.jpg 27w, https:\/\/www.vos-sosmost.cz\/wp-content\/uploads\/2023\/09\/Leskova-36x48.jpg 36w, https:\/\/www.vos-sosmost.cz\/wp-content\/uploads\/2023\/09\/Leskova.jpg 300w\" sizes=\"auto, (max-width: 120px) 100vw, 120px\" \/><\/th>\n<\/tr>\n<tr style=\"background-color: #000000;\">\n<th style=\"background-color: #ffffff; height: 24px; width: 62.8726%;\" align=\"left\" bgcolor=\"#ccffff\">Abigail Elizabeth Petr\u00e1kov\u00e1<\/th>\n<th style=\"background-color: #ffffff; width: 73.7276%; height: 24px;\"><img loading=\"lazy\" decoding=\"async\" class=\"alignnone wp-image-7312\" src=\"https:\/\/www.vos-sosmost.cz\/wp-content\/uploads\/2023\/09\/Petrakova-225x300.jpg\" alt=\"\" width=\"120\" height=\"160\" srcset=\"https:\/\/www.vos-sosmost.cz\/wp-content\/uploads\/2023\/09\/Petrakova-225x300.jpg 225w, https:\/\/www.vos-sosmost.cz\/wp-content\/uploads\/2023\/09\/Petrakova-203x270.jpg 203w, https:\/\/www.vos-sosmost.cz\/wp-content\/uploads\/2023\/09\/Petrakova-18x24.jpg 18w, https:\/\/www.vos-sosmost.cz\/wp-content\/uploads\/2023\/09\/Petrakova-27x36.jpg 27w, https:\/\/www.vos-sosmost.cz\/wp-content\/uploads\/2023\/09\/Petrakova-36x48.jpg 36w, https:\/\/www.vos-sosmost.cz\/wp-content\/uploads\/2023\/09\/Petrakova.jpg 300w\" sizes=\"auto, (max-width: 120px) 100vw, 120px\" \/><\/th>\n<\/tr>\n<tr style=\"background-color: #000000;\">\n<th style=\"background-color: #ffffff; height: 24px; width: 62.8726%;\" align=\"left\" bgcolor=\"#ccffff\">Mark\u00e9ta Dobrevov\u00e1<\/th>\n<th style=\"background-color: #ffffff; width: 73.7276%; height: 24px;\"><img loading=\"lazy\" decoding=\"async\" class=\"alignnone wp-image-7313\" src=\"https:\/\/www.vos-sosmost.cz\/wp-content\/uploads\/2023\/09\/Dobrevova-225x300.jpg\" alt=\"\" width=\"120\" height=\"160\" srcset=\"https:\/\/www.vos-sosmost.cz\/wp-content\/uploads\/2023\/09\/Dobrevova-225x300.jpg 225w, https:\/\/www.vos-sosmost.cz\/wp-content\/uploads\/2023\/09\/Dobrevova-203x270.jpg 203w, https:\/\/www.vos-sosmost.cz\/wp-content\/uploads\/2023\/09\/Dobrevova-18x24.jpg 18w, https:\/\/www.vos-sosmost.cz\/wp-content\/uploads\/2023\/09\/Dobrevova-27x36.jpg 27w, https:\/\/www.vos-sosmost.cz\/wp-content\/uploads\/2023\/09\/Dobrevova-36x48.jpg 36w, https:\/\/www.vos-sosmost.cz\/wp-content\/uploads\/2023\/09\/Dobrevova.jpg 300w\" sizes=\"auto, (max-width: 120px) 100vw, 120px\" \/><\/th>\n<\/tr>\n<tr>\n<th style=\"background-color: #ffffff; width: 62.8726%; text-align: center;\">Miroslava Dvo\u0159\u00e1kov\u00e1<\/th>\n<th style=\"background-color: #ffffff; width: 73.7276%;\"><img loading=\"lazy\" decoding=\"async\" class=\"alignnone wp-image-8511\" src=\"https:\/\/www.vos-sosmost.cz\/wp-content\/uploads\/2025\/02\/dvorakov-225x300.jpg\" alt=\"\" width=\"123\" height=\"164\" srcset=\"https:\/\/www.vos-sosmost.cz\/wp-content\/uploads\/2025\/02\/dvorakov-225x300.jpg 225w, https:\/\/www.vos-sosmost.cz\/wp-content\/uploads\/2025\/02\/dvorakov-768x1024.jpg 768w, https:\/\/www.vos-sosmost.cz\/wp-content\/uploads\/2025\/02\/dvorakov-1152x1536.jpg 1152w, https:\/\/www.vos-sosmost.cz\/wp-content\/uploads\/2025\/02\/dvorakov-203x270.jpg 203w, https:\/\/www.vos-sosmost.cz\/wp-content\/uploads\/2025\/02\/dvorakov-18x24.jpg 18w, https:\/\/www.vos-sosmost.cz\/wp-content\/uploads\/2025\/02\/dvorakov-27x36.jpg 27w, https:\/\/www.vos-sosmost.cz\/wp-content\/uploads\/2025\/02\/dvorakov-36x48.jpg 36w, https:\/\/www.vos-sosmost.cz\/wp-content\/uploads\/2025\/02\/dvorakov.jpg 1440w\" sizes=\"auto, (max-width: 123px) 100vw, 123px\" \/><\/th>\n<\/tr>\n<\/tbody>\n<\/table>\n<p>Informace jsou aktu\u00e1ln\u00ed pro \u0161koln\u00ed rok 2024\/2025.<\/p>\n","protected":false},"excerpt":{"rendered":"<p>E-mailov\u00fd kontakt na jednotliv\u00e9 osoby:&nbsp;prijmeni (zavin\u00e1\u010d) vos-sosmost.cz. Linka slou\u017e\u00ed pro p\u0159\u00edm\u00e9 spojen\u00ed s konkr\u00e9tn\u00ed osobou po zavol\u00e1n\u00ed na telefonn\u00ed \u010d\u00edslo&nbsp;417 637 477. Vychovatelky Karin Mitkov\u00e1 Miroslava Mu\u017e\u00edkov\u00e1 Abigail Elizabeth Petr\u00e1kov\u00e1 Mark\u00e9ta Dobrevov\u00e1 Miroslava Dvo\u0159\u00e1kov\u00e1 Informace jsou aktu\u00e1ln\u00ed pro \u0161koln\u00ed rok <a href=\"https:\/\/www.vos-sosmost.cz\/index.php\/o-skole\/vychovatelky\/\" class=\"read-more\">Read More &#8230;<\/a><\/p>\n","protected":false},"author":1,"featured_media":0,"parent":353,"menu_order":3,"comment_status":"closed","ping_status":"closed","template":"","meta":{"ngg_post_thumbnail":0,"footnotes":""},"class_list":["post-184","page","type-page","status-publish","hentry"],"_links":{"self":[{"href":"https:\/\/www.vos-sosmost.cz\/index.php\/wp-json\/wp\/v2\/pages\/184","targetHints":{"allow":["GET"]}}],"collection":[{"href":"https:\/\/www.vos-sosmost.cz\/index.php\/wp-json\/wp\/v2\/pages"}],"about":[{"href":"https:\/\/www.vos-sosmost.cz\/index.php\/wp-json\/wp\/v2\/types\/page"}],"author":[{"embeddable":true,"href":"https:\/\/www.vos-sosmost.cz\/index.php\/wp-json\/wp\/v2\/users\/1"}],"replies":[{"embeddable":true,"href":"https:\/\/www.vos-sosmost.cz\/index.php\/wp-json\/wp\/v2\/comments?post=184"}],"version-history":[{"count":22,"href":"https:\/\/www.vos-sosmost.cz\/index.php\/wp-json\/wp\/v2\/pages\/184\/revisions"}],"predecessor-version":[{"id":8515,"href":"https:\/\/www.vos-sosmost.cz\/index.php\/wp-json\/wp\/v2\/pages\/184\/revisions\/8515"}],"up":[{"embeddable":true,"href":"https:\/\/www.vos-sosmost.cz\/index.php\/wp-json\/wp\/v2\/pages\/353"}],"wp:attachment":[{"href":"https:\/\/www.vos-sosmost.cz\/index.php\/wp-json\/wp\/v2\/media?parent=184"}],"curies":[{"name":"wp","href":"https:\/\/api.w.org\/{rel}","templated":true}]}}