{"id":1805,"date":"2018-02-19T09:21:24","date_gmt":"2018-02-19T08:21:24","guid":{"rendered":"https:\/\/www.vos-sosmost.cz\/?page_id=1805"},"modified":"2021-09-22T14:47:07","modified_gmt":"2021-09-22T12:47:07","slug":"sponzori-skoly-2","status":"publish","type":"page","link":"https:\/\/www.vos-sosmost.cz\/index.php\/o-skole\/sponzori-skoly\/sponzori-skoly-2\/","title":{"rendered":"Sponzo\u0159i \u0161koly"},"content":{"rendered":"<p><strong>Severo\u010desk\u00e1 tepl\u00e1rensk\u00e1, a.s.&nbsp;<\/strong><\/p>\n<p><img loading=\"lazy\" decoding=\"async\" class=\"wp-image-5606 alignleft\" src=\"https:\/\/www.vos-sosmost.cz\/wp-content\/uploads\/2021\/09\/logo_SevTeplarna.jpg\" alt=\"\" width=\"284\" height=\"104\" srcset=\"https:\/\/www.vos-sosmost.cz\/wp-content\/uploads\/2021\/09\/logo_SevTeplarna.jpg 2080w, https:\/\/www.vos-sosmost.cz\/wp-content\/uploads\/2021\/09\/logo_SevTeplarna-300x110.jpg 300w, https:\/\/www.vos-sosmost.cz\/wp-content\/uploads\/2021\/09\/logo_SevTeplarna-1024x374.jpg 1024w, https:\/\/www.vos-sosmost.cz\/wp-content\/uploads\/2021\/09\/logo_SevTeplarna-768x281.jpg 768w, https:\/\/www.vos-sosmost.cz\/wp-content\/uploads\/2021\/09\/logo_SevTeplarna-1536x561.jpg 1536w, https:\/\/www.vos-sosmost.cz\/wp-content\/uploads\/2021\/09\/logo_SevTeplarna-2048x748.jpg 2048w, https:\/\/www.vos-sosmost.cz\/wp-content\/uploads\/2021\/09\/logo_SevTeplarna-360x132.jpg 360w, https:\/\/www.vos-sosmost.cz\/wp-content\/uploads\/2021\/09\/logo_SevTeplarna-24x9.jpg 24w, https:\/\/www.vos-sosmost.cz\/wp-content\/uploads\/2021\/09\/logo_SevTeplarna-36x13.jpg 36w, https:\/\/www.vos-sosmost.cz\/wp-content\/uploads\/2021\/09\/logo_SevTeplarna-48x18.jpg 48w\" sizes=\"auto, (max-width: 284px) 100vw, 284px\" \/><\/p>\n<p>&nbsp;<\/p>\n<p>&nbsp;<\/p>\n<p>&nbsp;<\/p>\n<p>&nbsp;<\/p>\n<p><strong>Vr\u0161ansk\u00e1 uheln\u00e1, a. s.&nbsp;<\/strong>&#8211; v r\u00e1mci projektu Chytr\u00e9 hlavy pro sever vyhl\u00e1\u0161en\u00e9ho&nbsp;na podporu vzd\u011bl\u00e1v\u00e1n\u00ed v regionu&nbsp;Mostecka byla \u0161kole poskytnuta finan\u010dn\u00ed podpora na&nbsp;<\/p>\n<p>vybudov\u00e1n\u00ed a modernizaci odborn\u00fdch u\u010deben:<\/p>\n<p>2016 &#8211; projekt &#8222;Modernizace v\u00fduky zdravotnick\u00fdch obor\u016f vyu\u017eit\u00edm nemocni\u010dn\u00edch informa\u010dn\u00edch syst\u00e9m\u016f&#8220; &#8211; po\u0159\u00edzen\u00ed nemocni\u010dn\u00edho informa\u010dn\u00edho syst\u00e9mu FONS Enterprise a souvisej\u00edc\u00edho hardwarov\u00e9ho a softwarov\u00e9ho vybaven\u00ed do odborn\u00fdch u\u010deben o\u0161et\u0159ovatelstv\u00ed<\/p>\n<p><img loading=\"lazy\" decoding=\"async\" class=\"wp-image-2412 alignright\" src=\"https:\/\/www.vos-sosmost.cz\/wp-content\/uploads\/2018\/08\/Vrsanska_uhelna_Zakladni_CMYK4323-1.jpg\" alt=\"\" width=\"236\" height=\"74\" srcset=\"https:\/\/www.vos-sosmost.cz\/wp-content\/uploads\/2018\/08\/Vrsanska_uhelna_Zakladni_CMYK4323-1.jpg 2184w, https:\/\/www.vos-sosmost.cz\/wp-content\/uploads\/2018\/08\/Vrsanska_uhelna_Zakladni_CMYK4323-1-300x94.jpg 300w, https:\/\/www.vos-sosmost.cz\/wp-content\/uploads\/2018\/08\/Vrsanska_uhelna_Zakladni_CMYK4323-1-768x241.jpg 768w, https:\/\/www.vos-sosmost.cz\/wp-content\/uploads\/2018\/08\/Vrsanska_uhelna_Zakladni_CMYK4323-1-1024x321.jpg 1024w, https:\/\/www.vos-sosmost.cz\/wp-content\/uploads\/2018\/08\/Vrsanska_uhelna_Zakladni_CMYK4323-1-360x113.jpg 360w, https:\/\/www.vos-sosmost.cz\/wp-content\/uploads\/2018\/08\/Vrsanska_uhelna_Zakladni_CMYK4323-1-24x8.jpg 24w, https:\/\/www.vos-sosmost.cz\/wp-content\/uploads\/2018\/08\/Vrsanska_uhelna_Zakladni_CMYK4323-1-36x11.jpg 36w, https:\/\/www.vos-sosmost.cz\/wp-content\/uploads\/2018\/08\/Vrsanska_uhelna_Zakladni_CMYK4323-1-48x15.jpg 48w\" sizes=\"auto, (max-width: 236px) 100vw, 236px\" \/><\/p>\n<p>2015 &#8211; projekt &#8222;Vybudov\u00e1n\u00ed u\u010debny pro p\u0159\u00edrodov\u011bdn\u00e9 p\u0159edm\u011bty&#8220;<\/p>\n<p>2011 &#8211; projekt &#8222;S ICT do v\u00fduky&#8220; &#8211; vybaven\u00ed u\u010debny ICT<\/p>\n<p>2010 &#8211; projekt &#8222;V modern\u00ed u\u010debn\u011b je v\u00fduka z\u00e1bavou&#8220; &#8211; vybaven\u00ed t\u0159i odborn\u00e9 u\u010debny o\u0161et\u0159ovatelstv\u00ed<\/p>\n<p><strong>Nadace \u010cEZ<\/strong> (https:\/\/www.nadacecez.cz) &#8211; v r\u00e1mci grantu Oran\u017eov\u00e1 u\u010debna vyhl\u00e1\u0161en\u00e9ho na podporu kvalitn\u00ed v\u00fduky fyziky a s n\u00ed souvisej\u00edc\u00edch odborn\u00fdch p\u0159edm\u011bt\u016f na z\u00e1kladn\u00edch, st\u0159edn\u00edch a vy\u0161\u0161\u00edch odborn\u00fdch \u0161kol\u00e1ch byl na\u0161\u00ed \u0161kole poskytnut p\u0159\u00edsp\u011bvek ve v\u00fd\u0161i 199 000,- K\u010d na projekt &#8222;N\u00e1zorn\u00e1 fyzika n\u00e1s bav\u00ed&#8220;. Za tento finan\u010dn\u00ed p\u0159\u00edsp\u011bvek byla vybavena u\u010debna fyziky multimedi\u00e1ln\u00ed prezenta\u010dn\u00ed technikou, sadou senzor\u016f syst\u00e9mu Vernier, kter\u00e9 lze p\u0159es speci\u00e1ln\u00ed rozhran\u00ed p\u0159ipojit k po\u010d\u00edta\u010di a tak snadno a velice n\u00e1zorn\u011b m\u011b\u0159it fyzik\u00e1ln\u00ed veli\u010diny, v\u00fdukov\u00fdmi CD\/DVD a n\u00e1st\u011bnn\u00fdmi fyzik\u00e1ln\u00edmi tabulemi. &nbsp;<\/p>\n<p><strong>Czech Coal, a. s<\/strong>. &#8211; v&nbsp;r\u00e1mci programu Spolu\u017eit\u00ed&nbsp;2009 vyhl\u00e1\u0161en\u00e9ho na podporu vzd\u011bl\u00e1v\u00e1n\u00ed v regionu Mostecka byla smlouvou \u010d. RPK\/118\/2009\/S\/A, LUKAS-G\u0158\/73\/2009\/RPK\/A poskytnuta \u0161kole \u010d\u00e1stka 198 000,- K\u010d na vybaven\u00ed u\u010debny C262 notebooky. (https:\/\/www.czechcoal.cz\/) Za tyto finan\u010dn\u00ed prost\u0159edky bylo nakoupeno 15 notebook\u016f, kter\u00e9 se staly sou\u010d\u00e1st\u00ed nov\u011b vybudovan\u00e9 u\u010debny pro v\u00fduku ekonomick\u00fdch p\u0159edm\u011bt\u016f. &nbsp;<\/p>\n<p><strong>\u010cesk\u00e1 b\u00e1\u0148sk\u00e1 nadace<\/strong> se s\u00eddlem V. \u0158ez\u00e1\u010de 315, 434 01&nbsp; Most &#8211; darovac\u00ed smlouvou \u010d. \u010cBN\/38\/2009, \u010dl\u00e1nek I., byla \u0161kole poskytnuta \u010d\u00e1stka 100 000,- K\u010d. Za tyto finan\u010dn\u00ed prost\u0159edky bylo nakoupeno 8 notebook\u016f, kter\u00e9 se staly sou\u010d\u00e1st\u00ed nov\u011b vybudovan\u00e9 u\u010debny pro v\u00fduku ekonomick\u00fdch p\u0159edm\u011bt\u016f.&nbsp; (https:\/\/www.czechcoal.cz\/) &nbsp;<\/p>\n<p>Pln\u00e1 vybavenost u\u010debny C262 p\u0159edstavuje 36 notebook\u016f, z \u010deho\u017e vypl\u00fdvaj\u00ed v\u00fdznamn\u00e9 mo\u017enosti pro u\u010ditele a nov\u00fd zp\u016fsob v\u00fduky, kdy ka\u017ed\u00fd \u017e\u00e1k i v p\u0159edm\u011btech, kde se u\u010d\u00ed po 30 \u017e\u00e1c\u00edch najednou, m\u016f\u017ee pracovat s po\u010d\u00edta\u010dem. Notebooky byly po\u0159\u00edzeny v r\u00e1mci programu Spolu\u017eit\u00ed vyhl\u00e1\u0161en\u00e9ho akciovou spole\u010dnost\u00ed Czech Coal (15 notebook\u016f), ve spolupr\u00e1ci s \u010ceskou b\u00e1\u0148skou nadac\u00ed (8 notebook\u016f) a z prost\u0159edk\u016f \u0161koly (13 notebook\u016f a speci\u00e1ln\u00ed upraven\u00e9 \u017e\u00e1kovsk\u00e9 stoly). U\u010debna za\u010dne slou\u017eit sv\u00e9mu \u00fa\u010delu od ledna 2010 (viz fotogalerie). &nbsp;<\/p>\n<p><strong>United Energy, a. s.<\/strong> &#8211; v r\u00e1mci smlouvy o reklam\u011b \u010d. UE_09-00145_00-00 ze dne 28.7.2009 byla \u0161kole dle \u010dl\u00e1nku 5 smlouvy \u010d\u00e1stka 50 000,- K\u010d na vybaven\u00ed u\u010debny A201 prezenta\u010dn\u00ed technikou. Za tyto finan\u010dn\u00ed prost\u0159edky byl nakoupen dataprojektor a prom\u00edtac\u00ed pl\u00e1tno. Tato technick\u00e1 vybavenost byla instalov\u00e1na do u\u010debny A201 a bude slou\u017eit pro nov\u00e9 vyu\u010dovac\u00ed metody a postupy p\u0159i v\u00fduce odborn\u00fdch i v\u0161eobecn\u011b vzd\u011bl\u00e1vac\u00edch p\u0159edm\u011bt\u016f.(https:\/\/www.ue.cz\/) &nbsp;<\/p>\n<p><img loading=\"lazy\" decoding=\"async\" class=\"wp-image-2515 alignright\" src=\"https:\/\/www.vos-sosmost.cz\/wp-content\/uploads\/2018\/09\/lazne_logo.png\" alt=\"\" width=\"179\" height=\"90\" srcset=\"https:\/\/www.vos-sosmost.cz\/wp-content\/uploads\/2018\/09\/lazne_logo.png 1352w, https:\/\/www.vos-sosmost.cz\/wp-content\/uploads\/2018\/09\/lazne_logo-300x151.png 300w, https:\/\/www.vos-sosmost.cz\/wp-content\/uploads\/2018\/09\/lazne_logo-768x386.png 768w, https:\/\/www.vos-sosmost.cz\/wp-content\/uploads\/2018\/09\/lazne_logo-1024x514.png 1024w, https:\/\/www.vos-sosmost.cz\/wp-content\/uploads\/2018\/09\/lazne_logo-360x181.png 360w, https:\/\/www.vos-sosmost.cz\/wp-content\/uploads\/2018\/09\/lazne_logo-24x12.png 24w, https:\/\/www.vos-sosmost.cz\/wp-content\/uploads\/2018\/09\/lazne_logo-36x18.png 36w, https:\/\/www.vos-sosmost.cz\/wp-content\/uploads\/2018\/09\/lazne_logo-48x24.png 48w\" sizes=\"auto, (max-width: 179px) 100vw, 179px\" \/><\/p>\n<p>&nbsp;<\/p>\n<p style=\"text-align: left;\"><strong>L\u00e1zn\u011b Teplice v&nbsp;\u010cech\u00e1ch a.s.<\/strong> &#8211;&nbsp;Ml\u00fdnsk\u00e1 253, 415 38 Teplice<\/p>\n<p>(<u>www<\/u><u>.lazneteplice.cz)<\/u>&nbsp;&nbsp;<\/p>\n<p><strong>Prvn\u00ed mosteck\u00e1, a. s.<\/strong> &#8211; v r\u00e1mci smlouvy o reklam\u011b ze dne 22.5.2009 byl \u0161kole&nbsp;<\/p>\n<p>poskytnuta \u010d\u00e1stka 25 000,- K\u010d na vybaven\u00ed u\u010debny A201&nbsp;<\/p>\n<p>prezenta\u010dn\u00ed technikou. Za tyto finan\u010dn\u00ed&nbsp;<\/p>\n<p>prost\u0159edky byl nakoupen 1 notebook. Tato technick\u00e1 vybavenost byla instalov\u00e1na do u\u010debny A201 a bude slou\u017eit pro nov\u00e9 vyu\u010dovac\u00ed metody a postupy p\u0159i v\u00fduce odborn\u00fdch i v\u0161eobecn\u011b vzd\u011bl\u00e1vac\u00edch p\u0159edm\u011bt\u016f. (https:\/\/www.prvnimostecka.cz\/)<\/p>\n<p><strong>U\u010debnice Martin Krynick\u00fd<\/strong> &#8211; v r\u00e1mci v\u00fduky matematiky jsou zdarma u\u017e\u00edv\u00e1ny elektronick\u00e9 u\u010debnice Matematiky (https:\/\/www.ucebnice.krynicky.cz). &nbsp;<\/p>\n<p><strong>Veden\u00ed \u0161koly chce vyj\u00e1d\u0159it, \u017ee si uv\u011bdomuje v\u00fdznam podpory soci\u00e1ln\u00edch partner\u016f v ot\u00e1zk\u00e1ch materi\u00e1ln\u00edho vybaven\u00ed \u0161kol zvl\u00e1\u0161t\u011b pak v dob\u011b, kdy finan\u010dn\u00ed mo\u017enosti \u0161kol jsou d\u00edky celospole\u010densk\u00e9 finan\u010dn\u00ed krizi velmi omezen\u00e9.<\/strong><\/p>\n","protected":false},"excerpt":{"rendered":"<p>Severo\u010desk\u00e1 tepl\u00e1rensk\u00e1, a.s.&nbsp; &nbsp; &nbsp; &nbsp; &nbsp; Vr\u0161ansk\u00e1 uheln\u00e1, a. s.&nbsp;&#8211; v r\u00e1mci projektu Chytr\u00e9 hlavy pro sever vyhl\u00e1\u0161en\u00e9ho&nbsp;na podporu vzd\u011bl\u00e1v\u00e1n\u00ed v regionu&nbsp;Mostecka byla \u0161kole poskytnuta finan\u010dn\u00ed podpora na&nbsp; vybudov\u00e1n\u00ed a modernizaci odborn\u00fdch u\u010deben: 2016 &#8211; projekt &#8222;Modernizace v\u00fduky zdravotnick\u00fdch <a href=\"https:\/\/www.vos-sosmost.cz\/index.php\/o-skole\/sponzori-skoly\/sponzori-skoly-2\/\" class=\"read-more\">Read More &#8230;<\/a><\/p>\n","protected":false},"author":1,"featured_media":0,"parent":517,"menu_order":0,"comment_status":"closed","ping_status":"closed","template":"","meta":{"ngg_post_thumbnail":0,"footnotes":""},"class_list":["post-1805","page","type-page","status-publish","hentry"],"_links":{"self":[{"href":"https:\/\/www.vos-sosmost.cz\/index.php\/wp-json\/wp\/v2\/pages\/1805","targetHints":{"allow":["GET"]}}],"collection":[{"href":"https:\/\/www.vos-sosmost.cz\/index.php\/wp-json\/wp\/v2\/pages"}],"about":[{"href":"https:\/\/www.vos-sosmost.cz\/index.php\/wp-json\/wp\/v2\/types\/page"}],"author":[{"embeddable":true,"href":"https:\/\/www.vos-sosmost.cz\/index.php\/wp-json\/wp\/v2\/users\/1"}],"replies":[{"embeddable":true,"href":"https:\/\/www.vos-sosmost.cz\/index.php\/wp-json\/wp\/v2\/comments?post=1805"}],"version-history":[{"count":6,"href":"https:\/\/www.vos-sosmost.cz\/index.php\/wp-json\/wp\/v2\/pages\/1805\/revisions"}],"predecessor-version":[{"id":5607,"href":"https:\/\/www.vos-sosmost.cz\/index.php\/wp-json\/wp\/v2\/pages\/1805\/revisions\/5607"}],"up":[{"embeddable":true,"href":"https:\/\/www.vos-sosmost.cz\/index.php\/wp-json\/wp\/v2\/pages\/517"}],"wp:attachment":[{"href":"https:\/\/www.vos-sosmost.cz\/index.php\/wp-json\/wp\/v2\/media?parent=1805"}],"curies":[{"name":"wp","href":"https:\/\/api.w.org\/{rel}","templated":true}]}}