{"id":1706,"date":"2019-09-03T13:46:57","date_gmt":"2019-09-03T11:46:57","guid":{"rendered":"https:\/\/www.vos-sosmost.cz\/?page_id=1706"},"modified":"2022-08-31T07:43:07","modified_gmt":"2022-08-31T05:43:07","slug":"karierove-poradenstvi","status":"publish","type":"page","link":"https:\/\/www.vos-sosmost.cz\/index.php\/o-skole\/karierove-poradenstvi\/","title":{"rendered":"Kari\u00e9rov\u00e9 poradenstv\u00ed"},"content":{"rendered":"<p><img loading=\"lazy\" decoding=\"async\" class=\"alignnone size-full wp-image-1151\" src=\"https:\/\/www.vos-sosmost.cz\/wp-content\/uploads\/2018\/02\/Logolink_OP_VVV_hor_barva_cz.jpg\" alt=\"\" width=\"1559\" height=\"346\" srcset=\"https:\/\/www.vos-sosmost.cz\/wp-content\/uploads\/2018\/02\/Logolink_OP_VVV_hor_barva_cz.jpg 1559w, https:\/\/www.vos-sosmost.cz\/wp-content\/uploads\/2018\/02\/Logolink_OP_VVV_hor_barva_cz-300x67.jpg 300w, https:\/\/www.vos-sosmost.cz\/wp-content\/uploads\/2018\/02\/Logolink_OP_VVV_hor_barva_cz-768x170.jpg 768w, https:\/\/www.vos-sosmost.cz\/wp-content\/uploads\/2018\/02\/Logolink_OP_VVV_hor_barva_cz-1024x227.jpg 1024w, https:\/\/www.vos-sosmost.cz\/wp-content\/uploads\/2018\/02\/Logolink_OP_VVV_hor_barva_cz-360x80.jpg 360w\" sizes=\"auto, (max-width: 1559px) 100vw, 1559px\" \/><\/p>\n<h4 style=\"text-align: center;\">\u0160ablony VO\u0160, OA, SPg\u0160 a SZ\u0160 Most II<\/h4>\n<p>V r\u00e1mci projektu OP VVV \u0160ablony VO\u0160, OA, SPg\u0160 a SZ\u0160 Most II \u0161kola sv\u00fdm \u017e\u00e1k\u016fm a student\u016fm poskytuje kari\u00e9rov\u00e9 poradenstv\u00ed.<\/p>\n<p><strong>Kari\u00e9rov\u00e9 poradenstv\u00ed pro S\u0160<\/strong><\/p>\n<p>Kari\u00e9rov\u00e9mu poradenstv\u00ed pro OA, SPg\u0160 a SZ\u0160 se v\u011bnuje Mgr. Eva Povov\u00e1 a poskytuje n\u00e1sleduj\u00edc\u00ed slu\u017eby:<\/p>\n<ul>\n<li>informace o pomaturitn\u00edm vzd\u011bl\u00e1v\u00e1n\u00ed<\/li>\n<li>informace o vzd\u011bl\u00e1v\u00e1n\u00ed v zahrani\u010d\u00ed<\/li>\n<li>informace ke zv\u00fd\u0161en\u00ed uplatnitelnosti na trhu pr\u00e1ce<\/li>\n<li>skupinov\u00e1 pr\u00e1ce s jednotliv\u00fdmi t\u0159\u00eddami maturitn\u00edho ro\u010dn\u00edku<\/li>\n<li>individu\u00e1ln\u00ed poradenstv\u00ed k pomaturitn\u00edmu vzd\u011bl\u00e1v\u00e1n\u00ed<\/li>\n<li>individu\u00e1ln\u00ed poradenstv\u00ed pro \u017e\u00e1ky, kte\u0159\u00ed zva\u017euj\u00ed p\u0159estup na jin\u00fd obor vzd\u011bl\u00e1n\u00ed S\u0160<\/li>\n<\/ul>\n<p>Konzulta\u010dn\u00ed hodiny:<\/p>\n<ul>\n<li>budova A \u2013 p\u00e1tek (sud\u00e9 t\u00fddny) 13:30 &#8211; 14:30, kabinet A110<\/li>\n<li>budova B \u2013 \u00fater\u00fd (lich\u00e9 t\u00fddny) 13:30 &#8211; 14:30, kabinet Z207<\/li>\n<\/ul>\n<p>Na konzultaci je pot\u0159eba se p\u0159edem domluvit na e-mailu&nbsp;<strong>povova (zavin\u00e1\u010d) vos-sosmost.cz<\/strong>.<\/p>\n<p>&nbsp;<\/p>\n<p><strong>Kari\u00e9rov\u00e9 poradenstv\u00ed pro VO\u0160<\/strong><\/p>\n<p>Kari\u00e9rov\u00e9mu poradenstv\u00ed pro VO\u0160 se v\u011bnuje Ing. Dobroslava Vodr\u00e1\u0161kov\u00e1 a poskytuje n\u00e1sleduj\u00edc\u00ed slu\u017eby:<\/p>\n<ul>\n<li>informace o dal\u0161\u00edm vzd\u011bl\u00e1v\u00e1n\u00ed na V\u0160 a VO\u0160<\/li>\n<li>informace o vzd\u011bl\u00e1v\u00e1n\u00ed v zahrani\u010d\u00ed<\/li>\n<li>informace ke zv\u00fd\u0161en\u00ed uplatnitelnosti na trhu pr\u00e1ce<\/li>\n<li>individu\u00e1ln\u00ed poradenstv\u00ed k dal\u0161\u00edmu vzd\u011bl\u00e1v\u00e1n\u00ed na V\u0160 a VO\u0160<\/li>\n<li>individu\u00e1ln\u00ed poradenstv\u00ed pro \u017e\u00e1ky, kte\u0159\u00ed zva\u017euj\u00ed p\u0159estup do jin\u00e9ho vzd\u011bl\u00e1vac\u00edho programu VO\u0160<\/li>\n<\/ul>\n<p>Konzulta\u010dn\u00ed hodiny:<\/p>\n<ul>\n<li>budova A &#8211; \u00fater\u00fd 7:00-8:00, kabinet C264<\/li>\n<\/ul>\n<p>Na konzultaci je pot\u0159eba se p\u0159edem domluvit na e-mailu <strong>vodraskova (zavin\u00e1\u010d) vos-sosmost.cz<\/strong>.<\/p>\n","protected":false},"excerpt":{"rendered":"<p>\u0160ablony VO\u0160, OA, SPg\u0160 a SZ\u0160 Most II V r\u00e1mci projektu OP VVV \u0160ablony VO\u0160, OA, SPg\u0160 a SZ\u0160 Most II \u0161kola sv\u00fdm \u017e\u00e1k\u016fm a student\u016fm poskytuje kari\u00e9rov\u00e9 poradenstv\u00ed. Kari\u00e9rov\u00e9 poradenstv\u00ed pro S\u0160 Kari\u00e9rov\u00e9mu poradenstv\u00ed pro OA, SPg\u0160 a SZ\u0160 <a href=\"https:\/\/www.vos-sosmost.cz\/index.php\/o-skole\/karierove-poradenstvi\/\" class=\"read-more\">Read More &#8230;<\/a><\/p>\n","protected":false},"author":1,"featured_media":0,"parent":353,"menu_order":0,"comment_status":"closed","ping_status":"closed","template":"","meta":{"ngg_post_thumbnail":0,"footnotes":""},"class_list":["post-1706","page","type-page","status-publish","hentry"],"_links":{"self":[{"href":"https:\/\/www.vos-sosmost.cz\/index.php\/wp-json\/wp\/v2\/pages\/1706","targetHints":{"allow":["GET"]}}],"collection":[{"href":"https:\/\/www.vos-sosmost.cz\/index.php\/wp-json\/wp\/v2\/pages"}],"about":[{"href":"https:\/\/www.vos-sosmost.cz\/index.php\/wp-json\/wp\/v2\/types\/page"}],"author":[{"embeddable":true,"href":"https:\/\/www.vos-sosmost.cz\/index.php\/wp-json\/wp\/v2\/users\/1"}],"replies":[{"embeddable":true,"href":"https:\/\/www.vos-sosmost.cz\/index.php\/wp-json\/wp\/v2\/comments?post=1706"}],"version-history":[{"count":11,"href":"https:\/\/www.vos-sosmost.cz\/index.php\/wp-json\/wp\/v2\/pages\/1706\/revisions"}],"predecessor-version":[{"id":6253,"href":"https:\/\/www.vos-sosmost.cz\/index.php\/wp-json\/wp\/v2\/pages\/1706\/revisions\/6253"}],"up":[{"embeddable":true,"href":"https:\/\/www.vos-sosmost.cz\/index.php\/wp-json\/wp\/v2\/pages\/353"}],"wp:attachment":[{"href":"https:\/\/www.vos-sosmost.cz\/index.php\/wp-json\/wp\/v2\/media?parent=1706"}],"curies":[{"name":"wp","href":"https:\/\/api.w.org\/{rel}","templated":true}]}}