{"id":136,"date":"2023-08-31T07:00:19","date_gmt":"2023-08-31T05:00:19","guid":{"rendered":"https:\/\/www.vos-sosmost.cz\/?page_id=136"},"modified":"2026-03-04T12:16:10","modified_gmt":"2026-03-04T11:16:10","slug":"vedeni-skoly","status":"publish","type":"page","link":"https:\/\/www.vos-sosmost.cz\/index.php\/o-skole\/vedeni-skoly\/","title":{"rendered":"Veden\u00ed \u0161koly"},"content":{"rendered":"<p>E-mailov\u00fd kontakt na jednotliv\u00e9 osoby:&nbsp;<b>prijmeni (zavin\u00e1\u010d) vos-sosmost.cz.<\/b><\/p>\n<p>Linka slou\u017e\u00ed pro p\u0159\u00edm\u00e9 spojen\u00ed s konkr\u00e9tn\u00ed osobou po zavol\u00e1n\u00ed na telefonn\u00ed \u010d\u00edslo <strong>417 637 477<\/strong>.<\/p>\n<table class=\"mceItemTable\" style=\"height: 192px; width: 76.2391%;\" border=\"0\" width=\"671\">\n<tbody>\n<tr style=\"height: 24px; background-color: #4d4b4b;\">\n<td style=\"background-color: #5e5a5a; text-align: center; height: 24px; width: 194.033%;\" colspan=\"5\"><span style=\"color: #ffffff;\"><b>Veden\u00ed \u0161koly<\/b><\/span><span style=\"color: #ffffff;\"><b><br \/>\n<\/b><\/span><\/td>\n<\/tr>\n<tr style=\"height: 24px;\">\n<td style=\"height: 24px; width: 33.3256%;\"><b>Ing. Jitka Ha\u0161kov\u00e1<br \/>\n<\/b><\/td>\n<td style=\"height: 24px; width: 25.7514%; text-align: center;\">\u0159editelka \u0161koly<\/td>\n<td style=\"height: 24px; width: 9.49444%;\" align=\"center\">linka 101<\/td>\n<td style=\"height: 24px; width: 17.655%;\" align=\"center\">608 055 138<\/td>\n<td style=\"width: 107.807%; height: 24px;\"><img loading=\"lazy\" decoding=\"async\" class=\"aligncenter size-full wp-image-5529\" src=\"https:\/\/www.vos-sosmost.cz\/wp-content\/uploads\/2021\/08\/2021-06_VOS_portret_04a.jpg\" alt=\"\" width=\"800\" height=\"1200\" srcset=\"https:\/\/www.vos-sosmost.cz\/wp-content\/uploads\/2021\/08\/2021-06_VOS_portret_04a.jpg 800w, https:\/\/www.vos-sosmost.cz\/wp-content\/uploads\/2021\/08\/2021-06_VOS_portret_04a-200x300.jpg 200w, https:\/\/www.vos-sosmost.cz\/wp-content\/uploads\/2021\/08\/2021-06_VOS_portret_04a-683x1024.jpg 683w, https:\/\/www.vos-sosmost.cz\/wp-content\/uploads\/2021\/08\/2021-06_VOS_portret_04a-768x1152.jpg 768w, https:\/\/www.vos-sosmost.cz\/wp-content\/uploads\/2021\/08\/2021-06_VOS_portret_04a-180x270.jpg 180w, https:\/\/www.vos-sosmost.cz\/wp-content\/uploads\/2021\/08\/2021-06_VOS_portret_04a-16x24.jpg 16w, https:\/\/www.vos-sosmost.cz\/wp-content\/uploads\/2021\/08\/2021-06_VOS_portret_04a-24x36.jpg 24w, https:\/\/www.vos-sosmost.cz\/wp-content\/uploads\/2021\/08\/2021-06_VOS_portret_04a-32x48.jpg 32w\" sizes=\"auto, (max-width: 800px) 100vw, 800px\" \/><\/td>\n<\/tr>\n<tr style=\"height: 24px;\">\n<td style=\"height: 24px; width: 33.3256%;\"><b>Ing. Zden\u011bk Pa\u010fourek<\/b><\/td>\n<td style=\"height: 24px; width: 25.7514%; text-align: center;\">z\u00e1stupce statut\u00e1rn\u00edho org\u00e1nu, z\u00e1stupce \u0159editelky pro SO\u0160<\/td>\n<td style=\"height: 24px; width: 9.49444%;\" align=\"center\">linka 108<\/td>\n<td style=\"height: 24px; width: 17.655%;\" align=\"center\">608 055 139<\/td>\n<td style=\"width: 107.807%; height: 24px;\"><img loading=\"lazy\" decoding=\"async\" class=\"aligncenter size-full wp-image-5530\" src=\"https:\/\/www.vos-sosmost.cz\/wp-content\/uploads\/2021\/08\/2021-06_VOS_portret_12a.jpg\" alt=\"\" width=\"800\" height=\"1200\" srcset=\"https:\/\/www.vos-sosmost.cz\/wp-content\/uploads\/2021\/08\/2021-06_VOS_portret_12a.jpg 800w, https:\/\/www.vos-sosmost.cz\/wp-content\/uploads\/2021\/08\/2021-06_VOS_portret_12a-200x300.jpg 200w, https:\/\/www.vos-sosmost.cz\/wp-content\/uploads\/2021\/08\/2021-06_VOS_portret_12a-683x1024.jpg 683w, https:\/\/www.vos-sosmost.cz\/wp-content\/uploads\/2021\/08\/2021-06_VOS_portret_12a-768x1152.jpg 768w, https:\/\/www.vos-sosmost.cz\/wp-content\/uploads\/2021\/08\/2021-06_VOS_portret_12a-180x270.jpg 180w, https:\/\/www.vos-sosmost.cz\/wp-content\/uploads\/2021\/08\/2021-06_VOS_portret_12a-16x24.jpg 16w, https:\/\/www.vos-sosmost.cz\/wp-content\/uploads\/2021\/08\/2021-06_VOS_portret_12a-24x36.jpg 24w, https:\/\/www.vos-sosmost.cz\/wp-content\/uploads\/2021\/08\/2021-06_VOS_portret_12a-32x48.jpg 32w\" sizes=\"auto, (max-width: 800px) 100vw, 800px\" \/><\/td>\n<\/tr>\n<tr>\n<td style=\"width: 33.3256%;\"><b>Ing. Simona Pa\u010fourkov\u00e1<\/b><\/td>\n<td style=\"width: 25.7514%; text-align: center;\">z\u00e1stupkyn\u011b \u0159editelky pro VO\u0160<\/td>\n<td style=\"width: 9.49444%;\">linka 107<\/td>\n<td style=\"width: 17.655%; text-align: center;\"><span data-olk-copy-source=\"MessageBody\">770 164 214<\/span><\/td>\n<td style=\"width: 107.807%;\"><img loading=\"lazy\" decoding=\"async\" class=\"alignnone wp-image-8788\" src=\"https:\/\/www.vos-sosmost.cz\/wp-content\/uploads\/2025\/08\/cedule-A-202x300.jpg\" alt=\"\" width=\"144\" height=\"214\" srcset=\"https:\/\/www.vos-sosmost.cz\/wp-content\/uploads\/2025\/08\/cedule-A-202x300.jpg 202w, https:\/\/www.vos-sosmost.cz\/wp-content\/uploads\/2025\/08\/cedule-A-690x1024.jpg 690w, https:\/\/www.vos-sosmost.cz\/wp-content\/uploads\/2025\/08\/cedule-A-768x1140.jpg 768w, https:\/\/www.vos-sosmost.cz\/wp-content\/uploads\/2025\/08\/cedule-A-1035x1536.jpg 1035w, https:\/\/www.vos-sosmost.cz\/wp-content\/uploads\/2025\/08\/cedule-A-1380x2048.jpg 1380w, https:\/\/www.vos-sosmost.cz\/wp-content\/uploads\/2025\/08\/cedule-A-182x270.jpg 182w, https:\/\/www.vos-sosmost.cz\/wp-content\/uploads\/2025\/08\/cedule-A-16x24.jpg 16w, https:\/\/www.vos-sosmost.cz\/wp-content\/uploads\/2025\/08\/cedule-A-24x36.jpg 24w, https:\/\/www.vos-sosmost.cz\/wp-content\/uploads\/2025\/08\/cedule-A-32x48.jpg 32w, https:\/\/www.vos-sosmost.cz\/wp-content\/uploads\/2025\/08\/cedule-A.jpg 1548w\" sizes=\"auto, (max-width: 144px) 100vw, 144px\" \/><\/td>\n<\/tr>\n<tr style=\"height: 24px;\">\n<td style=\"height: 24px; width: 33.3256%;\"><b>PhDr. V\u011bra Potu\u017e\u00e1kov\u00e1<\/b><\/td>\n<td style=\"height: 24px; width: 25.7514%; text-align: center;\">z\u00e1stupkyn\u011b \u0159editelky pro SO\u0160<\/td>\n<td style=\"height: 24px; width: 9.49444%; text-align: center;\">linka 148<\/td>\n<td style=\"height: 24px; width: 17.655%; text-align: center;\">608 055 140<\/td>\n<td style=\"width: 107.807%; text-align: center; height: 24px;\"><img loading=\"lazy\" decoding=\"async\" class=\"aligncenter size-full wp-image-5531\" src=\"https:\/\/www.vos-sosmost.cz\/wp-content\/uploads\/2021\/08\/potuzakova_1a.jpg\" alt=\"\" width=\"800\" height=\"1200\" srcset=\"https:\/\/www.vos-sosmost.cz\/wp-content\/uploads\/2021\/08\/potuzakova_1a.jpg 800w, https:\/\/www.vos-sosmost.cz\/wp-content\/uploads\/2021\/08\/potuzakova_1a-200x300.jpg 200w, https:\/\/www.vos-sosmost.cz\/wp-content\/uploads\/2021\/08\/potuzakova_1a-683x1024.jpg 683w, https:\/\/www.vos-sosmost.cz\/wp-content\/uploads\/2021\/08\/potuzakova_1a-768x1152.jpg 768w, https:\/\/www.vos-sosmost.cz\/wp-content\/uploads\/2021\/08\/potuzakova_1a-180x270.jpg 180w, https:\/\/www.vos-sosmost.cz\/wp-content\/uploads\/2021\/08\/potuzakova_1a-16x24.jpg 16w, https:\/\/www.vos-sosmost.cz\/wp-content\/uploads\/2021\/08\/potuzakova_1a-24x36.jpg 24w, https:\/\/www.vos-sosmost.cz\/wp-content\/uploads\/2021\/08\/potuzakova_1a-32x48.jpg 32w\" sizes=\"auto, (max-width: 800px) 100vw, 800px\" \/><\/td>\n<\/tr>\n<tr style=\"height: 24px;\">\n<td style=\"width: 33.3256%; height: 24px;\"><b>Mgr. Eli\u0161ka Pale\u010dkov\u00e1<\/b><\/td>\n<td style=\"width: 25.7514%; text-align: center; height: 24px;\">z\u00e1stupkyn\u011b \u0159editelky pro \u0160PP, DM a C\u017dV<\/td>\n<td style=\"width: 9.49444%; text-align: center; height: 24px;\">linka 149<\/td>\n<td style=\"width: 17.655%; height: 24px; text-align: center;\">771 274 606<\/td>\n<td style=\"width: 107.807%; height: 24px;\"><img loading=\"lazy\" decoding=\"async\" class=\"alignnone wp-image-6236\" src=\"https:\/\/www.vos-sosmost.cz\/wp-content\/uploads\/2022\/08\/2022-08-17_vitkova_11a-200x300.jpg\" alt=\"\" width=\"144\" height=\"215\" srcset=\"https:\/\/www.vos-sosmost.cz\/wp-content\/uploads\/2022\/08\/2022-08-17_vitkova_11a-200x300.jpg 200w, https:\/\/www.vos-sosmost.cz\/wp-content\/uploads\/2022\/08\/2022-08-17_vitkova_11a-684x1024.jpg 684w, https:\/\/www.vos-sosmost.cz\/wp-content\/uploads\/2022\/08\/2022-08-17_vitkova_11a-768x1150.jpg 768w, https:\/\/www.vos-sosmost.cz\/wp-content\/uploads\/2022\/08\/2022-08-17_vitkova_11a-180x270.jpg 180w, https:\/\/www.vos-sosmost.cz\/wp-content\/uploads\/2022\/08\/2022-08-17_vitkova_11a-16x24.jpg 16w, https:\/\/www.vos-sosmost.cz\/wp-content\/uploads\/2022\/08\/2022-08-17_vitkova_11a-24x36.jpg 24w, https:\/\/www.vos-sosmost.cz\/wp-content\/uploads\/2022\/08\/2022-08-17_vitkova_11a-32x48.jpg 32w, https:\/\/www.vos-sosmost.cz\/wp-content\/uploads\/2022\/08\/2022-08-17_vitkova_11a.jpg 800w\" sizes=\"auto, (max-width: 144px) 100vw, 144px\" \/><\/td>\n<\/tr>\n<tr style=\"height: 48px;\">\n<td style=\"height: 48px; width: 33.3256%;\"><b>Bc. Josef \u0160t\u011bp\u00e1nek, DiS.<br \/>\n<\/b><\/td>\n<td style=\"height: 48px; width: 25.7514%; text-align: center;\">z\u00e1stupce \u0159editelky pro SO\u0160, VO\u0160 a ICT<\/td>\n<td style=\"height: 48px; width: 9.49444%;\" align=\"center\">linka 111<\/td>\n<td style=\"height: 48px; width: 17.655%;\" align=\"center\">777 454 793<\/td>\n<td style=\"width: 107.807%; height: 48px;\"><img loading=\"lazy\" decoding=\"async\" class=\"aligncenter wp-image-5533\" src=\"https:\/\/www.vos-sosmost.cz\/wp-content\/uploads\/2021\/08\/2021-06_VOS_portret_57a.jpg\" alt=\"\" width=\"146\" height=\"219\" srcset=\"https:\/\/www.vos-sosmost.cz\/wp-content\/uploads\/2021\/08\/2021-06_VOS_portret_57a.jpg 800w, https:\/\/www.vos-sosmost.cz\/wp-content\/uploads\/2021\/08\/2021-06_VOS_portret_57a-200x300.jpg 200w, https:\/\/www.vos-sosmost.cz\/wp-content\/uploads\/2021\/08\/2021-06_VOS_portret_57a-683x1024.jpg 683w, https:\/\/www.vos-sosmost.cz\/wp-content\/uploads\/2021\/08\/2021-06_VOS_portret_57a-768x1152.jpg 768w, https:\/\/www.vos-sosmost.cz\/wp-content\/uploads\/2021\/08\/2021-06_VOS_portret_57a-180x270.jpg 180w, https:\/\/www.vos-sosmost.cz\/wp-content\/uploads\/2021\/08\/2021-06_VOS_portret_57a-16x24.jpg 16w, https:\/\/www.vos-sosmost.cz\/wp-content\/uploads\/2021\/08\/2021-06_VOS_portret_57a-24x36.jpg 24w, https:\/\/www.vos-sosmost.cz\/wp-content\/uploads\/2021\/08\/2021-06_VOS_portret_57a-32x48.jpg 32w\" sizes=\"auto, (max-width: 146px) 100vw, 146px\" \/><\/td>\n<\/tr>\n<\/tbody>\n<\/table>\n<p>&nbsp;<\/p>\n<table class=\"mceItemTable\" style=\"width: 76.4288%;\" border=\"0\">\n<tbody>\n<tr style=\"height: 24px; background-color: #5e5a5a;\">\n<td style=\"height: 24px; text-align: center; width: 134.292%;\" colspan=\"3\"><span style=\"color: #ffffff;\"><b>Studijn\u00ed referent<\/b><\/span><\/td>\n<\/tr>\n<tr style=\"height: 24px;\">\n<td style=\"height: 24px; width: 38.0951%;\"><b>Mgr. Jaroslava Kohoutov\u00e1<\/b><\/td>\n<td style=\"height: 24px; width: 36.0852%; text-align: center;\">pro SO\u0160, budova A<br \/>\n(ekonomick\u00e9 a pedagogick\u00e9 obory)<\/td>\n<td style=\"height: 24px; width: 60.1119%;\" align=\"center\">linka 104<\/td>\n<\/tr>\n<tr style=\"height: 24px;\">\n<td style=\"height: 24px; width: 38.0951%;\"><b>Jana Dro\u017eov\u00e1 (aktu\u00e1ln\u011b zastupuj\u00edc\u00ed Barbora Nechvapilov\u00e1)<br \/>\n<\/b><\/td>\n<td style=\"height: 24px; width: 36.0852%; text-align: center;\">pro SO\u0160, budova B<br \/>\n(zdravotnick\u00e9 obory)<\/td>\n<td style=\"height: 24px; width: 60.1119%;\" align=\"center\">linka 147<\/td>\n<\/tr>\n<tr style=\"height: 24px;\">\n<td style=\"height: 24px; width: 38.0951%;\"><b>Iveta Filipov\u00e1, DiS.<\/b><\/td>\n<td style=\"height: 24px; width: 36.0852%; text-align: center;\">pro VO\u0160, budova A<\/td>\n<td style=\"height: 24px; width: 60.1119%;\" align=\"center\">linka 102<\/td>\n<\/tr>\n<\/tbody>\n<\/table>\n<p>&nbsp;<\/p>\n<table class=\"mceItemTable\" style=\"width: 76.778%;\" border=\"0\">\n<tbody>\n<tr style=\"height: 24px; background-color: #5e5a5a;\">\n<td style=\"height: 24px; text-align: center; width: 319.431%;\" colspan=\"4\"><span style=\"color: #ffffff;\"><b>Vedouc\u00ed praktick\u00e9ho vyu\u010dov\u00e1n\u00ed<\/b><\/span><span style=\"color: #ffffff;\"><b><br \/>\n<\/b><\/span><\/td>\n<\/tr>\n<tr>\n<td style=\"width: 48.466%;\"><b>Mgr. V\u011bra Hord\u011bj\u010dukov\u00e1<\/b><\/td>\n<td style=\"width: 24.0611%; text-align: center;\">budova B<\/td>\n<td style=\"width: 12.5583%; text-align: center;\">linka 149<\/td>\n<td style=\"width: 234.346%;\"><img loading=\"lazy\" decoding=\"async\" class=\"alignnone size-medium wp-image-6241\" src=\"https:\/\/www.vos-sosmost.cz\/wp-content\/uploads\/2022\/08\/2021-06_VOS_portret_32a-200x300.jpg\" alt=\"\" width=\"200\" height=\"300\" srcset=\"https:\/\/www.vos-sosmost.cz\/wp-content\/uploads\/2022\/08\/2021-06_VOS_portret_32a-200x300.jpg 200w, https:\/\/www.vos-sosmost.cz\/wp-content\/uploads\/2022\/08\/2021-06_VOS_portret_32a-682x1024.jpg 682w, https:\/\/www.vos-sosmost.cz\/wp-content\/uploads\/2022\/08\/2021-06_VOS_portret_32a-768x1152.jpg 768w, https:\/\/www.vos-sosmost.cz\/wp-content\/uploads\/2022\/08\/2021-06_VOS_portret_32a-180x270.jpg 180w, https:\/\/www.vos-sosmost.cz\/wp-content\/uploads\/2022\/08\/2021-06_VOS_portret_32a-16x24.jpg 16w, https:\/\/www.vos-sosmost.cz\/wp-content\/uploads\/2022\/08\/2021-06_VOS_portret_32a-24x36.jpg 24w, https:\/\/www.vos-sosmost.cz\/wp-content\/uploads\/2022\/08\/2021-06_VOS_portret_32a-32x48.jpg 32w, https:\/\/www.vos-sosmost.cz\/wp-content\/uploads\/2022\/08\/2021-06_VOS_portret_32a.jpg 967w\" sizes=\"auto, (max-width: 200px) 100vw, 200px\" \/><\/td>\n<\/tr>\n<\/tbody>\n<\/table>\n<p>Informace jsou aktu\u00e1ln\u00ed pro \u0161koln\u00ed rok 2025\/2026.<\/p>\n","protected":false},"excerpt":{"rendered":"<p>E-mailov\u00fd kontakt na jednotliv\u00e9 osoby:&nbsp;prijmeni (zavin\u00e1\u010d) vos-sosmost.cz. Linka slou\u017e\u00ed pro p\u0159\u00edm\u00e9 spojen\u00ed s konkr\u00e9tn\u00ed osobou po zavol\u00e1n\u00ed na telefonn\u00ed \u010d\u00edslo 417 637 477. Veden\u00ed \u0161koly Ing. Jitka Ha\u0161kov\u00e1 \u0159editelka \u0161koly linka 101 608 055 138 Ing. Zden\u011bk Pa\u010fourek z\u00e1stupce statut\u00e1rn\u00edho <a href=\"https:\/\/www.vos-sosmost.cz\/index.php\/o-skole\/vedeni-skoly\/\" class=\"read-more\">Read More &#8230;<\/a><\/p>\n","protected":false},"author":1,"featured_media":0,"parent":353,"menu_order":1,"comment_status":"closed","ping_status":"closed","template":"","meta":{"ngg_post_thumbnail":0,"footnotes":""},"class_list":["post-136","page","type-page","status-publish","hentry"],"_links":{"self":[{"href":"https:\/\/www.vos-sosmost.cz\/index.php\/wp-json\/wp\/v2\/pages\/136","targetHints":{"allow":["GET"]}}],"collection":[{"href":"https:\/\/www.vos-sosmost.cz\/index.php\/wp-json\/wp\/v2\/pages"}],"about":[{"href":"https:\/\/www.vos-sosmost.cz\/index.php\/wp-json\/wp\/v2\/types\/page"}],"author":[{"embeddable":true,"href":"https:\/\/www.vos-sosmost.cz\/index.php\/wp-json\/wp\/v2\/users\/1"}],"replies":[{"embeddable":true,"href":"https:\/\/www.vos-sosmost.cz\/index.php\/wp-json\/wp\/v2\/comments?post=136"}],"version-history":[{"count":54,"href":"https:\/\/www.vos-sosmost.cz\/index.php\/wp-json\/wp\/v2\/pages\/136\/revisions"}],"predecessor-version":[{"id":9254,"href":"https:\/\/www.vos-sosmost.cz\/index.php\/wp-json\/wp\/v2\/pages\/136\/revisions\/9254"}],"up":[{"embeddable":true,"href":"https:\/\/www.vos-sosmost.cz\/index.php\/wp-json\/wp\/v2\/pages\/353"}],"wp:attachment":[{"href":"https:\/\/www.vos-sosmost.cz\/index.php\/wp-json\/wp\/v2\/media?parent=136"}],"curies":[{"name":"wp","href":"https:\/\/api.w.org\/{rel}","templated":true}]}}